{"id":4791,"date":"2022-12-23T13:44:10","date_gmt":"2022-12-23T13:44:10","guid":{"rendered":"https:\/\/hghypulpmolding.com\/technical-support\/emballage\/"},"modified":"2025-06-04T09:07:15","modified_gmt":"2025-06-04T09:07:15","slug":"emballage","status":"publish","type":"page","link":"https:\/\/www.hghypulpmolding.com\/fr\/technical-support\/emballage\/","title":{"rendered":"Emballage"},"content":{"rendered":"\t\t<div data-elementor-type=\"wp-page\" data-elementor-id=\"4791\" class=\"elementor elementor-4791 elementor-950\" data-elementor-settings=\"{&quot;element_pack_global_tooltip_width&quot;:{&quot;unit&quot;:&quot;px&quot;,&quot;size&quot;:&quot;&quot;,&quot;sizes&quot;:[]},&quot;element_pack_global_tooltip_width_tablet&quot;:{&quot;unit&quot;:&quot;px&quot;,&quot;size&quot;:&quot;&quot;,&quot;sizes&quot;:[]},&quot;element_pack_global_tooltip_width_mobile&quot;:{&quot;unit&quot;:&quot;px&quot;,&quot;size&quot;:&quot;&quot;,&quot;sizes&quot;:[]},&quot;element_pack_global_tooltip_padding&quot;:{&quot;unit&quot;:&quot;px&quot;,&quot;top&quot;:&quot;&quot;,&quot;right&quot;:&quot;&quot;,&quot;bottom&quot;:&quot;&quot;,&quot;left&quot;:&quot;&quot;,&quot;isLinked&quot;:true},&quot;element_pack_global_tooltip_padding_tablet&quot;:{&quot;unit&quot;:&quot;px&quot;,&quot;top&quot;:&quot;&quot;,&quot;right&quot;:&quot;&quot;,&quot;bottom&quot;:&quot;&quot;,&quot;left&quot;:&quot;&quot;,&quot;isLinked&quot;:true},&quot;element_pack_global_tooltip_padding_mobile&quot;:{&quot;unit&quot;:&quot;px&quot;,&quot;top&quot;:&quot;&quot;,&quot;right&quot;:&quot;&quot;,&quot;bottom&quot;:&quot;&quot;,&quot;left&quot;:&quot;&quot;,&quot;isLinked&quot;:true},&quot;element_pack_global_tooltip_border_radius&quot;:{&quot;unit&quot;:&quot;px&quot;,&quot;top&quot;:&quot;&quot;,&quot;right&quot;:&quot;&quot;,&quot;bottom&quot;:&quot;&quot;,&quot;left&quot;:&quot;&quot;,&quot;isLinked&quot;:true},&quot;element_pack_global_tooltip_border_radius_tablet&quot;:{&quot;unit&quot;:&quot;px&quot;,&quot;top&quot;:&quot;&quot;,&quot;right&quot;:&quot;&quot;,&quot;bottom&quot;:&quot;&quot;,&quot;left&quot;:&quot;&quot;,&quot;isLinked&quot;:true},&quot;element_pack_global_tooltip_border_radius_mobile&quot;:{&quot;unit&quot;:&quot;px&quot;,&quot;top&quot;:&quot;&quot;,&quot;right&quot;:&quot;&quot;,&quot;bottom&quot;:&quot;&quot;,&quot;left&quot;:&quot;&quot;,&quot;isLinked&quot;:true}}\" data-elementor-post-type=\"page\">\n\t\t\t\t<div class=\"elementor-element elementor-element-22eaa2a e-con-full e-flex e-con e-parent\" data-id=\"22eaa2a\" data-element_type=\"container\" data-settings=\"{&quot;background_background&quot;:&quot;classic&quot;}\">\n\t\t<div class=\"elementor-element elementor-element-fa9de25 e-flex e-con-boxed e-con e-child\" data-id=\"fa9de25\" data-element_type=\"container\">\n\t\t\t\t\t<div class=\"e-con-inner\">\n\t\t\t\t<div class=\"elementor-element elementor-element-2c56e9e elementor-widget elementor-widget-heading\" data-id=\"2c56e9e\" data-element_type=\"widget\" data-widget_type=\"heading.default\">\n\t\t\t\t<div class=\"elementor-widget-container\">\n\t\t\t\t\t<h3 class=\"elementor-heading-title elementor-size-default\">Notre mission<\/h3>\t\t\t\t<\/div>\n\t\t\t\t<\/div>\n\t\t\t\t<div class=\"elementor-element elementor-element-ff72a85 elementor-widget elementor-widget-text-editor\" data-id=\"ff72a85\" data-element_type=\"widget\" data-widget_type=\"text-editor.default\">\n\t\t\t\t<div class=\"elementor-widget-container\">\n\t\t\t\t\t\t\t\t\t<p>D\u00e9velopper de mani\u00e8re coh\u00e9rente des technologies d\u2019emballage \u00e9cologiques.<\/p>\t\t\t\t\t\t\t\t<\/div>\n\t\t\t\t<\/div>\n\t\t\t\t<div class=\"elementor-element elementor-element-4a3cf53 elementor-view-default elementor-widget elementor-widget-icon\" data-id=\"4a3cf53\" data-element_type=\"widget\" data-settings=\"{&quot;ep_floating_effects_show&quot;:&quot;yes&quot;,&quot;ep_floating_effects_translate_y&quot;:{&quot;unit&quot;:&quot;px&quot;,&quot;size&quot;:&quot;&quot;,&quot;sizes&quot;:{&quot;from&quot;:-10,&quot;to&quot;:30}},&quot;ep_floating_effects_translate_duration&quot;:{&quot;unit&quot;:&quot;px&quot;,&quot;size&quot;:1500,&quot;sizes&quot;:[]},&quot;ep_floating_effects_translate_toggle&quot;:&quot;yes&quot;,&quot;ep_floating_effects_translate_x&quot;:{&quot;unit&quot;:&quot;px&quot;,&quot;size&quot;:&quot;&quot;,&quot;sizes&quot;:{&quot;from&quot;:0,&quot;to&quot;:0}},&quot;ep_floating_effects_translate_delay&quot;:{&quot;unit&quot;:&quot;px&quot;,&quot;size&quot;:&quot;&quot;,&quot;sizes&quot;:[]},&quot;ep_floating_effects_easing&quot;:&quot;easeInOutQuad&quot;}\" data-widget_type=\"icon.default\">\n\t\t\t\t<div class=\"elementor-widget-container\">\n\t\t\t\t\t\t\t<div class=\"elementor-icon-wrapper\">\n\t\t\t<div class=\"elementor-icon\">\n\t\t\t<svg aria-hidden=\"true\" class=\"e-font-icon-svg e-fas-arrow-alt-circle-down\" viewBox=\"0 0 512 512\" xmlns=\"http:\/\/www.w3.org\/2000\/svg\"><path d=\"M504 256c0 137-111 248-248 248S8 393 8 256 119 8 256 8s248 111 248 248zM212 140v116h-70.9c-10.7 0-16.1 13-8.5 20.5l114.9 114.3c4.7 4.7 12.2 4.7 16.9 0l114.9-114.3c7.6-7.6 2.2-20.5-8.5-20.5H300V140c0-6.6-5.4-12-12-12h-64c-6.6 0-12 5.4-12 12z\"><\/path><\/svg>\t\t\t<\/div>\n\t\t<\/div>\n\t\t\t\t\t\t<\/div>\n\t\t\t\t<\/div>\n\t\t\t\t\t<\/div>\n\t\t\t\t<\/div>\n\t\t\t\t<\/div>\n\t\t<div class=\"elementor-element elementor-element-9100a6f e-flex e-con-boxed e-con e-parent\" data-id=\"9100a6f\" data-element_type=\"container\" data-settings=\"{&quot;background_background&quot;:&quot;classic&quot;}\">\n\t\t\t\t\t<div class=\"e-con-inner\">\n\t\t\t\t<div class=\"elementor-element elementor-element-d7fd168 elementor-widget elementor-widget-html\" data-id=\"d7fd168\" data-element_type=\"widget\" data-widget_type=\"html.default\">\n\t\t\t\t<div class=\"elementor-widget-container\">\n\t\t\t\t\t<div style=\"height:60px;\">\r\n<p class=\"has-text-color\" style=\"color:#4b4f58;font-size:35px;margin-bottom:-5px !important;\">Emballage<\/p>\r\n<div style=\"z-index: -1;position:relative;top:-1px;width:210px;height:10px;background-color:#59BBAD\"><\/div><\/div><br>\t\t\t\t<\/div>\n\t\t\t\t<\/div>\n\t\t\t\t<div class=\"elementor-element elementor-element-fb07182 elementor-widget elementor-widget-bdt-advanced-image-gallery\" data-id=\"fb07182\" data-element_type=\"widget\" data-widget_type=\"bdt-advanced-image-gallery.default\">\n\t\t\t\t<div class=\"elementor-widget-container\">\n\t\t\t\t\t\t\t<div id=\"bdt-avdg-fb07182\" class=\"bdt-ep-advanced-image-gallery bdt-ep-advanced-image-gallery-skin-default bdt-grid bdt-grid-small bdt-child-width-1-1 bdt-child-width-1-3@s bdt-child-width-1-4@m\" data-bdt-grid=\"\" data-bdt-lightbox=\"animation: slide;\" data-settings=\"{&quot;id&quot;:&quot;#bdt-avdg-fb07182&quot;,&quot;tiltShow&quot;:false}\">\n\t\t\t\n\t\t\t\t<div class=\"bdt-ep-advanced-image-gallery-item bdt-transition-toggle\">\n\t\t\t\t\t<div class=\"bdt-ep-advanced-image-gallery-inner\">\n\t\t\t\t\t\t<div class=\"bdt-ep-advanced-image-gallery-thumbnail bdt-transition-toggle\"><img decoding=\"async\" width=\"780\" height=\"520\" src=\"https:\/\/www.hghypulpmolding.com\/wp-content\/uploads\/2023\/09\/Paper-Cup-Lid.webp\" class=\"jgalleryImage\" alt=\"Paper-Cup-Lid\" srcset=\"https:\/\/www.hghypulpmolding.com\/wp-content\/uploads\/2023\/09\/Paper-Cup-Lid.webp 780w, https:\/\/www.hghypulpmolding.com\/wp-content\/uploads\/2023\/09\/Paper-Cup-Lid-300x200.webp 300w, https:\/\/www.hghypulpmolding.com\/wp-content\/uploads\/2023\/09\/Paper-Cup-Lid-768x512.webp 768w, https:\/\/www.hghypulpmolding.com\/wp-content\/uploads\/2023\/09\/Paper-Cup-Lid-600x400.webp 600w\" sizes=\"(max-width: 780px) 100vw, 780px\" \/><\/div>\t\t<div class=\"bdt-position-cover bdt-overlay bdt-overlay-default bdt-transition-fade\">\n\t\t\t<div class=\"bdt-ep-advanced-image-gallery-content\">\n\t\t\t\t<div class=\"bdt-ep-advanced-image-gallery-content-inner\">\n\n\t\t\t\t\t\t\t\t\t\t\t\t\t\t\t\t<div class=\"bdt-flex-inline bdt-ep-advanced-image-gallery-item-link-wrapper\">\n\t\t\t\t\t\t\t<a class=\"bdt-ep-advanced-image-gallery-item-link elementor-clickable icon-type-icon \" data-elementor-open-lightbox=\"no\" data-caption=\"\" data-href=\"https:\/\/www.hghypulpmolding.com\/wp-content\/uploads\/2023\/09\/Paper-Cup-Lid.webp\">\n\t\t\t\t\t\t\t\t\n\t\t\t\t\t\t\t\t\t\t\t\t\t\t\t\t\t\t\t<span>\n\t\t\t\t\t\t\t\t\t\t\t<i class=\"ep-icon-plus-2\"><\/i>\n\t\t\t\t\t\t\t\t\t\t<\/span>\n\t\t\t\t\t\t\t\t\t\n\t\t\t\t\t\t\t\t\t\t\t\t\t\t\t<\/a>\n\t\t\t\t\t\t<\/div>\n\t\t\t\t\t\n\t\t\t\t\t\t\t\t\t<\/div>\n\t\t\t<\/div>\n\t\t<\/div>\n\t\t\t\t\t<\/div>\n\t\t\t\t\t\t\t\t\t<\/div>\n\n\t\t\t\n\t\t\t\t<div class=\"bdt-ep-advanced-image-gallery-item bdt-transition-toggle\">\n\t\t\t\t\t<div class=\"bdt-ep-advanced-image-gallery-inner\">\n\t\t\t\t\t\t<div class=\"bdt-ep-advanced-image-gallery-thumbnail bdt-transition-toggle\"><img decoding=\"async\" width=\"780\" height=\"520\" src=\"https:\/\/www.hghypulpmolding.com\/wp-content\/uploads\/2023\/09\/Paper-Cup-Tray.webp\" class=\"jgalleryImage\" alt=\"Paper-Cup-Tray\" srcset=\"https:\/\/www.hghypulpmolding.com\/wp-content\/uploads\/2023\/09\/Paper-Cup-Tray.webp 780w, https:\/\/www.hghypulpmolding.com\/wp-content\/uploads\/2023\/09\/Paper-Cup-Tray-300x200.webp 300w, https:\/\/www.hghypulpmolding.com\/wp-content\/uploads\/2023\/09\/Paper-Cup-Tray-768x512.webp 768w, https:\/\/www.hghypulpmolding.com\/wp-content\/uploads\/2023\/09\/Paper-Cup-Tray-600x400.webp 600w\" sizes=\"(max-width: 780px) 100vw, 780px\" \/><\/div>\t\t<div class=\"bdt-position-cover bdt-overlay bdt-overlay-default bdt-transition-fade\">\n\t\t\t<div class=\"bdt-ep-advanced-image-gallery-content\">\n\t\t\t\t<div class=\"bdt-ep-advanced-image-gallery-content-inner\">\n\n\t\t\t\t\t\t\t\t\t\t\t\t\t\t\t\t<div class=\"bdt-flex-inline bdt-ep-advanced-image-gallery-item-link-wrapper\">\n\t\t\t\t\t\t\t<a class=\"bdt-ep-advanced-image-gallery-item-link elementor-clickable icon-type-icon \" data-elementor-open-lightbox=\"no\" data-caption=\"\" data-href=\"https:\/\/www.hghypulpmolding.com\/wp-content\/uploads\/2023\/09\/Paper-Cup-Tray.webp\">\n\t\t\t\t\t\t\t\t\n\t\t\t\t\t\t\t\t\t\t\t\t\t\t\t\t\t\t\t<span>\n\t\t\t\t\t\t\t\t\t\t\t<i class=\"ep-icon-plus-2\"><\/i>\n\t\t\t\t\t\t\t\t\t\t<\/span>\n\t\t\t\t\t\t\t\t\t\n\t\t\t\t\t\t\t\t\t\t\t\t\t\t\t<\/a>\n\t\t\t\t\t\t<\/div>\n\t\t\t\t\t\n\t\t\t\t\t\t\t\t\t<\/div>\n\t\t\t<\/div>\n\t\t<\/div>\n\t\t\t\t\t<\/div>\n\t\t\t\t\t\t\t\t\t<\/div>\n\n\t\t\t\n\t\t\t\t<div class=\"bdt-ep-advanced-image-gallery-item bdt-transition-toggle\">\n\t\t\t\t\t<div class=\"bdt-ep-advanced-image-gallery-inner\">\n\t\t\t\t\t\t<div class=\"bdt-ep-advanced-image-gallery-thumbnail bdt-transition-toggle\"><img decoding=\"async\" width=\"780\" height=\"520\" src=\"https:\/\/www.hghypulpmolding.com\/wp-content\/uploads\/2023\/09\/Industrial-Packaging.webp\" class=\"jgalleryImage\" alt=\"Industrial-Packaging\" srcset=\"https:\/\/www.hghypulpmolding.com\/wp-content\/uploads\/2023\/09\/Industrial-Packaging.webp 780w, https:\/\/www.hghypulpmolding.com\/wp-content\/uploads\/2023\/09\/Industrial-Packaging-300x200.webp 300w, https:\/\/www.hghypulpmolding.com\/wp-content\/uploads\/2023\/09\/Industrial-Packaging-768x512.webp 768w, https:\/\/www.hghypulpmolding.com\/wp-content\/uploads\/2023\/09\/Industrial-Packaging-600x400.webp 600w\" sizes=\"(max-width: 780px) 100vw, 780px\" \/><\/div>\t\t<div class=\"bdt-position-cover bdt-overlay bdt-overlay-default bdt-transition-fade\">\n\t\t\t<div class=\"bdt-ep-advanced-image-gallery-content\">\n\t\t\t\t<div class=\"bdt-ep-advanced-image-gallery-content-inner\">\n\n\t\t\t\t\t\t\t\t\t\t\t\t\t\t\t\t<div class=\"bdt-flex-inline bdt-ep-advanced-image-gallery-item-link-wrapper\">\n\t\t\t\t\t\t\t<a class=\"bdt-ep-advanced-image-gallery-item-link elementor-clickable icon-type-icon \" data-elementor-open-lightbox=\"no\" data-caption=\"\" data-href=\"https:\/\/www.hghypulpmolding.com\/wp-content\/uploads\/2023\/09\/Industrial-Packaging.webp\">\n\t\t\t\t\t\t\t\t\n\t\t\t\t\t\t\t\t\t\t\t\t\t\t\t\t\t\t\t<span>\n\t\t\t\t\t\t\t\t\t\t\t<i class=\"ep-icon-plus-2\"><\/i>\n\t\t\t\t\t\t\t\t\t\t<\/span>\n\t\t\t\t\t\t\t\t\t\n\t\t\t\t\t\t\t\t\t\t\t\t\t\t\t<\/a>\n\t\t\t\t\t\t<\/div>\n\t\t\t\t\t\n\t\t\t\t\t\t\t\t\t<\/div>\n\t\t\t<\/div>\n\t\t<\/div>\n\t\t\t\t\t<\/div>\n\t\t\t\t\t\t\t\t\t<\/div>\n\n\t\t\t\n\t\t\t\t<div class=\"bdt-ep-advanced-image-gallery-item bdt-transition-toggle\">\n\t\t\t\t\t<div class=\"bdt-ep-advanced-image-gallery-inner\">\n\t\t\t\t\t\t<div class=\"bdt-ep-advanced-image-gallery-thumbnail bdt-transition-toggle\"><img decoding=\"async\" width=\"780\" height=\"520\" src=\"https:\/\/www.hghypulpmolding.com\/wp-content\/uploads\/2023\/09\/Fruit-Tray-2.webp\" class=\"jgalleryImage\" alt=\"Fruit-Tray-2\" srcset=\"https:\/\/www.hghypulpmolding.com\/wp-content\/uploads\/2023\/09\/Fruit-Tray-2.webp 780w, https:\/\/www.hghypulpmolding.com\/wp-content\/uploads\/2023\/09\/Fruit-Tray-2-300x200.webp 300w, https:\/\/www.hghypulpmolding.com\/wp-content\/uploads\/2023\/09\/Fruit-Tray-2-768x512.webp 768w, https:\/\/www.hghypulpmolding.com\/wp-content\/uploads\/2023\/09\/Fruit-Tray-2-600x400.webp 600w\" sizes=\"(max-width: 780px) 100vw, 780px\" \/><\/div>\t\t<div class=\"bdt-position-cover bdt-overlay bdt-overlay-default bdt-transition-fade\">\n\t\t\t<div class=\"bdt-ep-advanced-image-gallery-content\">\n\t\t\t\t<div class=\"bdt-ep-advanced-image-gallery-content-inner\">\n\n\t\t\t\t\t\t\t\t\t\t\t\t\t\t\t\t<div class=\"bdt-flex-inline bdt-ep-advanced-image-gallery-item-link-wrapper\">\n\t\t\t\t\t\t\t<a class=\"bdt-ep-advanced-image-gallery-item-link elementor-clickable icon-type-icon \" data-elementor-open-lightbox=\"no\" data-caption=\"\" data-href=\"https:\/\/www.hghypulpmolding.com\/wp-content\/uploads\/2023\/09\/Fruit-Tray-2.webp\">\n\t\t\t\t\t\t\t\t\n\t\t\t\t\t\t\t\t\t\t\t\t\t\t\t\t\t\t\t<span>\n\t\t\t\t\t\t\t\t\t\t\t<i class=\"ep-icon-plus-2\"><\/i>\n\t\t\t\t\t\t\t\t\t\t<\/span>\n\t\t\t\t\t\t\t\t\t\n\t\t\t\t\t\t\t\t\t\t\t\t\t\t\t<\/a>\n\t\t\t\t\t\t<\/div>\n\t\t\t\t\t\n\t\t\t\t\t\t\t\t\t<\/div>\n\t\t\t<\/div>\n\t\t<\/div>\n\t\t\t\t\t<\/div>\n\t\t\t\t\t\t\t\t\t<\/div>\n\n\t\t\t\n\t\t\t\t<div class=\"bdt-ep-advanced-image-gallery-item bdt-transition-toggle\">\n\t\t\t\t\t<div class=\"bdt-ep-advanced-image-gallery-inner\">\n\t\t\t\t\t\t<div class=\"bdt-ep-advanced-image-gallery-thumbnail bdt-transition-toggle\"><img decoding=\"async\" width=\"780\" height=\"520\" src=\"https:\/\/www.hghypulpmolding.com\/wp-content\/uploads\/2023\/09\/Tableware.webp\" class=\"jgalleryImage\" alt=\"Tableware\" srcset=\"https:\/\/www.hghypulpmolding.com\/wp-content\/uploads\/2023\/09\/Tableware.webp 780w, https:\/\/www.hghypulpmolding.com\/wp-content\/uploads\/2023\/09\/Tableware-300x200.webp 300w, https:\/\/www.hghypulpmolding.com\/wp-content\/uploads\/2023\/09\/Tableware-768x512.webp 768w, https:\/\/www.hghypulpmolding.com\/wp-content\/uploads\/2023\/09\/Tableware-600x400.webp 600w\" sizes=\"(max-width: 780px) 100vw, 780px\" \/><\/div>\t\t<div class=\"bdt-position-cover bdt-overlay bdt-overlay-default bdt-transition-fade\">\n\t\t\t<div class=\"bdt-ep-advanced-image-gallery-content\">\n\t\t\t\t<div class=\"bdt-ep-advanced-image-gallery-content-inner\">\n\n\t\t\t\t\t\t\t\t\t\t\t\t\t\t\t\t<div class=\"bdt-flex-inline bdt-ep-advanced-image-gallery-item-link-wrapper\">\n\t\t\t\t\t\t\t<a class=\"bdt-ep-advanced-image-gallery-item-link elementor-clickable icon-type-icon \" data-elementor-open-lightbox=\"no\" data-caption=\"\" data-href=\"https:\/\/www.hghypulpmolding.com\/wp-content\/uploads\/2023\/09\/Tableware.webp\">\n\t\t\t\t\t\t\t\t\n\t\t\t\t\t\t\t\t\t\t\t\t\t\t\t\t\t\t\t<span>\n\t\t\t\t\t\t\t\t\t\t\t<i class=\"ep-icon-plus-2\"><\/i>\n\t\t\t\t\t\t\t\t\t\t<\/span>\n\t\t\t\t\t\t\t\t\t\n\t\t\t\t\t\t\t\t\t\t\t\t\t\t\t<\/a>\n\t\t\t\t\t\t<\/div>\n\t\t\t\t\t\n\t\t\t\t\t\t\t\t\t<\/div>\n\t\t\t<\/div>\n\t\t<\/div>\n\t\t\t\t\t<\/div>\n\t\t\t\t\t\t\t\t\t<\/div>\n\n\t\t\t\n\t\t\t\t<div class=\"bdt-ep-advanced-image-gallery-item bdt-transition-toggle\">\n\t\t\t\t\t<div class=\"bdt-ep-advanced-image-gallery-inner\">\n\t\t\t\t\t\t<div class=\"bdt-ep-advanced-image-gallery-thumbnail bdt-transition-toggle\"><img decoding=\"async\" width=\"351\" height=\"351\" src=\"https:\/\/www.hghypulpmolding.com\/wp-content\/uploads\/2023\/09\/High-end-Packaging-e1763714049789.webp\" class=\"jgalleryImage\" alt=\"High-end-Packaging\" \/><\/div>\t\t<div class=\"bdt-position-cover bdt-overlay bdt-overlay-default bdt-transition-fade\">\n\t\t\t<div class=\"bdt-ep-advanced-image-gallery-content\">\n\t\t\t\t<div class=\"bdt-ep-advanced-image-gallery-content-inner\">\n\n\t\t\t\t\t\t\t\t\t\t\t\t\t\t\t\t<div class=\"bdt-flex-inline bdt-ep-advanced-image-gallery-item-link-wrapper\">\n\t\t\t\t\t\t\t<a class=\"bdt-ep-advanced-image-gallery-item-link elementor-clickable icon-type-icon \" data-elementor-open-lightbox=\"no\" data-caption=\"\" data-href=\"https:\/\/www.hghypulpmolding.com\/wp-content\/uploads\/2023\/09\/High-end-Packaging-e1763714049789.webp\">\n\t\t\t\t\t\t\t\t\n\t\t\t\t\t\t\t\t\t\t\t\t\t\t\t\t\t\t\t<span>\n\t\t\t\t\t\t\t\t\t\t\t<i class=\"ep-icon-plus-2\"><\/i>\n\t\t\t\t\t\t\t\t\t\t<\/span>\n\t\t\t\t\t\t\t\t\t\n\t\t\t\t\t\t\t\t\t\t\t\t\t\t\t<\/a>\n\t\t\t\t\t\t<\/div>\n\t\t\t\t\t\n\t\t\t\t\t\t\t\t\t<\/div>\n\t\t\t<\/div>\n\t\t<\/div>\n\t\t\t\t\t<\/div>\n\t\t\t\t\t\t\t\t\t<\/div>\n\n\t\t\t\n\t\t\t\t<div class=\"bdt-ep-advanced-image-gallery-item bdt-transition-toggle\">\n\t\t\t\t\t<div class=\"bdt-ep-advanced-image-gallery-inner\">\n\t\t\t\t\t\t<div class=\"bdt-ep-advanced-image-gallery-thumbnail bdt-transition-toggle\"><img decoding=\"async\" width=\"780\" height=\"520\" src=\"https:\/\/www.hghypulpmolding.com\/wp-content\/uploads\/2023\/09\/Egg-Carton.webp\" class=\"jgalleryImage\" alt=\"Egg-Carton\" srcset=\"https:\/\/www.hghypulpmolding.com\/wp-content\/uploads\/2023\/09\/Egg-Carton.webp 780w, https:\/\/www.hghypulpmolding.com\/wp-content\/uploads\/2023\/09\/Egg-Carton-300x200.webp 300w, https:\/\/www.hghypulpmolding.com\/wp-content\/uploads\/2023\/09\/Egg-Carton-768x512.webp 768w, https:\/\/www.hghypulpmolding.com\/wp-content\/uploads\/2023\/09\/Egg-Carton-600x400.webp 600w\" sizes=\"(max-width: 780px) 100vw, 780px\" \/><\/div>\t\t<div class=\"bdt-position-cover bdt-overlay bdt-overlay-default bdt-transition-fade\">\n\t\t\t<div class=\"bdt-ep-advanced-image-gallery-content\">\n\t\t\t\t<div class=\"bdt-ep-advanced-image-gallery-content-inner\">\n\n\t\t\t\t\t\t\t\t\t\t\t\t\t\t\t\t<div class=\"bdt-flex-inline bdt-ep-advanced-image-gallery-item-link-wrapper\">\n\t\t\t\t\t\t\t<a class=\"bdt-ep-advanced-image-gallery-item-link elementor-clickable icon-type-icon \" data-elementor-open-lightbox=\"no\" data-caption=\"\" data-href=\"https:\/\/www.hghypulpmolding.com\/wp-content\/uploads\/2023\/09\/Egg-Carton.webp\">\n\t\t\t\t\t\t\t\t\n\t\t\t\t\t\t\t\t\t\t\t\t\t\t\t\t\t\t\t<span>\n\t\t\t\t\t\t\t\t\t\t\t<i class=\"ep-icon-plus-2\"><\/i>\n\t\t\t\t\t\t\t\t\t\t<\/span>\n\t\t\t\t\t\t\t\t\t\n\t\t\t\t\t\t\t\t\t\t\t\t\t\t\t<\/a>\n\t\t\t\t\t\t<\/div>\n\t\t\t\t\t\n\t\t\t\t\t\t\t\t\t<\/div>\n\t\t\t<\/div>\n\t\t<\/div>\n\t\t\t\t\t<\/div>\n\t\t\t\t\t\t\t\t\t<\/div>\n\n\t\t\t\n\t\t\t\t<div class=\"bdt-ep-advanced-image-gallery-item bdt-transition-toggle\">\n\t\t\t\t\t<div class=\"bdt-ep-advanced-image-gallery-inner\">\n\t\t\t\t\t\t<div class=\"bdt-ep-advanced-image-gallery-thumbnail bdt-transition-toggle\"><img decoding=\"async\" width=\"780\" height=\"520\" src=\"https:\/\/www.hghypulpmolding.com\/wp-content\/uploads\/2023\/09\/egg-tray-1.webp\" class=\"jgalleryImage\" alt=\"egg-tray-1\" srcset=\"https:\/\/www.hghypulpmolding.com\/wp-content\/uploads\/2023\/09\/egg-tray-1.webp 780w, https:\/\/www.hghypulpmolding.com\/wp-content\/uploads\/2023\/09\/egg-tray-1-300x200.webp 300w, https:\/\/www.hghypulpmolding.com\/wp-content\/uploads\/2023\/09\/egg-tray-1-768x512.webp 768w, https:\/\/www.hghypulpmolding.com\/wp-content\/uploads\/2023\/09\/egg-tray-1-600x400.webp 600w\" sizes=\"(max-width: 780px) 100vw, 780px\" \/><\/div>\t\t<div class=\"bdt-position-cover bdt-overlay bdt-overlay-default bdt-transition-fade\">\n\t\t\t<div class=\"bdt-ep-advanced-image-gallery-content\">\n\t\t\t\t<div class=\"bdt-ep-advanced-image-gallery-content-inner\">\n\n\t\t\t\t\t\t\t\t\t\t\t\t\t\t\t\t<div class=\"bdt-flex-inline bdt-ep-advanced-image-gallery-item-link-wrapper\">\n\t\t\t\t\t\t\t<a class=\"bdt-ep-advanced-image-gallery-item-link elementor-clickable icon-type-icon \" data-elementor-open-lightbox=\"no\" data-caption=\"\" data-href=\"https:\/\/www.hghypulpmolding.com\/wp-content\/uploads\/2023\/09\/egg-tray-1.webp\">\n\t\t\t\t\t\t\t\t\n\t\t\t\t\t\t\t\t\t\t\t\t\t\t\t\t\t\t\t<span>\n\t\t\t\t\t\t\t\t\t\t\t<i class=\"ep-icon-plus-2\"><\/i>\n\t\t\t\t\t\t\t\t\t\t<\/span>\n\t\t\t\t\t\t\t\t\t\n\t\t\t\t\t\t\t\t\t\t\t\t\t\t\t<\/a>\n\t\t\t\t\t\t<\/div>\n\t\t\t\t\t\n\t\t\t\t\t\t\t\t\t<\/div>\n\t\t\t<\/div>\n\t\t<\/div>\n\t\t\t\t\t<\/div>\n\t\t\t\t\t\t\t\t\t<\/div>\n\n\t\t\t\t\t<\/div>\n\t\t\t\t\t<\/div>\n\t\t\t\t<\/div>\n\t\t\t\t\t<\/div>\n\t\t\t\t<\/div>\n\t\t\t\t<\/div>\n\t\t","protected":false},"excerpt":{"rendered":"<p>Notre mission D\u00e9velopper de mani\u00e8re coh\u00e9rente des technologies d\u2019emballage \u00e9cologiques. Emballage<\/p>\n","protected":false},"author":1,"featured_media":0,"parent":4771,"menu_order":2,"comment_status":"closed","ping_status":"closed","template":"","meta":{"_joinchat":[],"footnotes":""},"class_list":["post-4791","page","type-page","status-publish","hentry"],"_links":{"self":[{"href":"https:\/\/www.hghypulpmolding.com\/fr\/wp-json\/wp\/v2\/pages\/4791","targetHints":{"allow":["GET"]}}],"collection":[{"href":"https:\/\/www.hghypulpmolding.com\/fr\/wp-json\/wp\/v2\/pages"}],"about":[{"href":"https:\/\/www.hghypulpmolding.com\/fr\/wp-json\/wp\/v2\/types\/page"}],"author":[{"embeddable":true,"href":"https:\/\/www.hghypulpmolding.com\/fr\/wp-json\/wp\/v2\/users\/1"}],"replies":[{"embeddable":true,"href":"https:\/\/www.hghypulpmolding.com\/fr\/wp-json\/wp\/v2\/comments?post=4791"}],"version-history":[{"count":0,"href":"https:\/\/www.hghypulpmolding.com\/fr\/wp-json\/wp\/v2\/pages\/4791\/revisions"}],"up":[{"embeddable":true,"href":"https:\/\/www.hghypulpmolding.com\/fr\/wp-json\/wp\/v2\/pages\/4771"}],"wp:attachment":[{"href":"https:\/\/www.hghypulpmolding.com\/fr\/wp-json\/wp\/v2\/media?parent=4791"}],"curies":[{"name":"wp","href":"https:\/\/api.w.org\/{rel}","templated":true}]}}