{"id":4799,"date":"2022-11-17T14:26:41","date_gmt":"2022-11-17T14:26:41","guid":{"rendered":"https:\/\/hghypulpmolding.com\/about-us\/"},"modified":"2024-03-18T02:13:51","modified_gmt":"2024-03-18T02:13:51","slug":"about-us","status":"publish","type":"page","link":"https:\/\/www.hghypulpmolding.com\/fr\/about-us\/","title":{"rendered":"\u00c0 propos de HGHY"},"content":{"rendered":"\t\t<div data-elementor-type=\"wp-page\" data-elementor-id=\"4799\" class=\"elementor elementor-4799 elementor-18\" data-elementor-settings=\"{&quot;element_pack_global_tooltip_width&quot;:{&quot;unit&quot;:&quot;px&quot;,&quot;size&quot;:&quot;&quot;,&quot;sizes&quot;:[]},&quot;element_pack_global_tooltip_width_tablet&quot;:{&quot;unit&quot;:&quot;px&quot;,&quot;size&quot;:&quot;&quot;,&quot;sizes&quot;:[]},&quot;element_pack_global_tooltip_width_mobile&quot;:{&quot;unit&quot;:&quot;px&quot;,&quot;size&quot;:&quot;&quot;,&quot;sizes&quot;:[]},&quot;element_pack_global_tooltip_padding&quot;:{&quot;unit&quot;:&quot;px&quot;,&quot;top&quot;:&quot;&quot;,&quot;right&quot;:&quot;&quot;,&quot;bottom&quot;:&quot;&quot;,&quot;left&quot;:&quot;&quot;,&quot;isLinked&quot;:true},&quot;element_pack_global_tooltip_padding_tablet&quot;:{&quot;unit&quot;:&quot;px&quot;,&quot;top&quot;:&quot;&quot;,&quot;right&quot;:&quot;&quot;,&quot;bottom&quot;:&quot;&quot;,&quot;left&quot;:&quot;&quot;,&quot;isLinked&quot;:true},&quot;element_pack_global_tooltip_padding_mobile&quot;:{&quot;unit&quot;:&quot;px&quot;,&quot;top&quot;:&quot;&quot;,&quot;right&quot;:&quot;&quot;,&quot;bottom&quot;:&quot;&quot;,&quot;left&quot;:&quot;&quot;,&quot;isLinked&quot;:true},&quot;element_pack_global_tooltip_border_radius&quot;:{&quot;unit&quot;:&quot;px&quot;,&quot;top&quot;:&quot;&quot;,&quot;right&quot;:&quot;&quot;,&quot;bottom&quot;:&quot;&quot;,&quot;left&quot;:&quot;&quot;,&quot;isLinked&quot;:true},&quot;element_pack_global_tooltip_border_radius_tablet&quot;:{&quot;unit&quot;:&quot;px&quot;,&quot;top&quot;:&quot;&quot;,&quot;right&quot;:&quot;&quot;,&quot;bottom&quot;:&quot;&quot;,&quot;left&quot;:&quot;&quot;,&quot;isLinked&quot;:true},&quot;element_pack_global_tooltip_border_radius_mobile&quot;:{&quot;unit&quot;:&quot;px&quot;,&quot;top&quot;:&quot;&quot;,&quot;right&quot;:&quot;&quot;,&quot;bottom&quot;:&quot;&quot;,&quot;left&quot;:&quot;&quot;,&quot;isLinked&quot;:true}}\" data-elementor-post-type=\"page\">\n\t\t\t\t<div class=\"elementor-element elementor-element-28af7e1 e-flex e-con-boxed e-con e-parent\" data-id=\"28af7e1\" data-element_type=\"container\" data-settings=\"{&quot;background_background&quot;:&quot;classic&quot;}\">\n\t\t\t\t\t<div class=\"e-con-inner\">\n\t\t<div class=\"elementor-element elementor-element-79e9c38 e-flex e-con-boxed e-con e-child\" data-id=\"79e9c38\" data-element_type=\"container\">\n\t\t\t\t\t<div class=\"e-con-inner\">\n\t\t\t\t<div class=\"elementor-element elementor-element-3fc6ead elementor-widget elementor-widget-heading\" data-id=\"3fc6ead\" data-element_type=\"widget\" data-widget_type=\"heading.default\">\n\t\t\t\t<div class=\"elementor-widget-container\">\n\t\t\t\t\t<h3 class=\"elementor-heading-title elementor-size-default\">Notre vision<\/h3>\t\t\t\t<\/div>\n\t\t\t\t<\/div>\n\t\t\t\t<div class=\"elementor-element elementor-element-09f0809 elementor-widget elementor-widget-text-editor\" data-id=\"09f0809\" data-element_type=\"widget\" data-widget_type=\"text-editor.default\">\n\t\t\t\t<div class=\"elementor-widget-container\">\n\t\t\t\t\t\t\t\t\t<p>\u00catre la r\u00e9f\u00e9rence en mati\u00e8re d&rsquo;\u00e9quipement et de technologie de moulage de p\u00e2te \u00e0 papier et cr\u00e9er une marque internationale qui durera un si\u00e8cle.<\/p>\t\t\t\t\t\t\t\t<\/div>\n\t\t\t\t<\/div>\n\t\t\t\t<div class=\"elementor-element elementor-element-213aca2 elementor-view-default elementor-widget elementor-widget-icon\" data-id=\"213aca2\" data-element_type=\"widget\" data-settings=\"{&quot;ep_floating_effects_show&quot;:&quot;yes&quot;,&quot;ep_floating_effects_translate_y&quot;:{&quot;unit&quot;:&quot;px&quot;,&quot;size&quot;:&quot;&quot;,&quot;sizes&quot;:{&quot;from&quot;:-10,&quot;to&quot;:30}},&quot;ep_floating_effects_translate_duration&quot;:{&quot;unit&quot;:&quot;px&quot;,&quot;size&quot;:1500,&quot;sizes&quot;:[]},&quot;ep_floating_effects_translate_toggle&quot;:&quot;yes&quot;,&quot;ep_floating_effects_translate_x&quot;:{&quot;unit&quot;:&quot;px&quot;,&quot;size&quot;:&quot;&quot;,&quot;sizes&quot;:{&quot;from&quot;:0,&quot;to&quot;:0}},&quot;ep_floating_effects_translate_delay&quot;:{&quot;unit&quot;:&quot;px&quot;,&quot;size&quot;:&quot;&quot;,&quot;sizes&quot;:[]},&quot;ep_floating_effects_easing&quot;:&quot;easeInOutQuad&quot;}\" data-widget_type=\"icon.default\">\n\t\t\t\t<div class=\"elementor-widget-container\">\n\t\t\t\t\t\t\t<div class=\"elementor-icon-wrapper\">\n\t\t\t<div class=\"elementor-icon\">\n\t\t\t<svg aria-hidden=\"true\" class=\"e-font-icon-svg e-fas-arrow-alt-circle-down\" viewBox=\"0 0 512 512\" xmlns=\"http:\/\/www.w3.org\/2000\/svg\"><path d=\"M504 256c0 137-111 248-248 248S8 393 8 256 119 8 256 8s248 111 248 248zM212 140v116h-70.9c-10.7 0-16.1 13-8.5 20.5l114.9 114.3c4.7 4.7 12.2 4.7 16.9 0l114.9-114.3c7.6-7.6 2.2-20.5-8.5-20.5H300V140c0-6.6-5.4-12-12-12h-64c-6.6 0-12 5.4-12 12z\"><\/path><\/svg>\t\t\t<\/div>\n\t\t<\/div>\n\t\t\t\t\t\t<\/div>\n\t\t\t\t<\/div>\n\t\t\t\t\t<\/div>\n\t\t\t\t<\/div>\n\t\t\t\t\t<\/div>\n\t\t\t\t<\/div>\n\t\t<div class=\"elementor-element elementor-element-13c00e4 e-flex e-con-boxed e-con e-parent\" data-id=\"13c00e4\" data-element_type=\"container\" data-settings=\"{&quot;background_background&quot;:&quot;classic&quot;}\">\n\t\t\t\t\t<div class=\"e-con-inner\">\n\t\t\t\t<div class=\"elementor-element elementor-element-248f293 elementor-widget elementor-widget-html\" data-id=\"248f293\" data-element_type=\"widget\" data-widget_type=\"html.default\">\n\t\t\t\t<div class=\"elementor-widget-container\">\n\t\t\t\t\t<div style=\"height:60px;\">\r\n<p class=\"has-text-color\" style=\"color:#4b4f58;font-size:35px;margin-bottom:-5px !important;\">Qui nous sommes<\/p>\r\n<div style=\"z-index: -1;position:relative;top:-1px;width:210px;height:10px;background-color:#59BBAD \"><\/div><\/div><br>\t\t\t\t<\/div>\n\t\t\t\t<\/div>\n\t\t\t\t<div class=\"elementor-element elementor-element-d31ba46 elementor-widget elementor-widget-text-editor\" data-id=\"d31ba46\" data-element_type=\"widget\" data-widget_type=\"text-editor.default\">\n\t\t\t\t<div class=\"elementor-widget-container\">\n\t\t\t\t\t\t\t\t\t<p>HGHY, bas\u00e9 dans la Cit\u00e9 scientifique de Guangzhou, se consacre aux solutions compl\u00e8tes de moulage de p\u00e2te et excelle dans la cr\u00e9ation de produits d&#8217;emballage moul\u00e9s durables de classe mondiale pour de nombreuses applications diversifi\u00e9es, telles que les plateaux d&#8217;emballage alimentaire pour les \u0153ufs, les fruits, les boissons et le vin ; des articles de restauration ponctuels comme des assiettes, des bols, des bo\u00eetes \u00e0 lunch et des coquilles ; et toutes sortes d&#8217;emballages de protection et de marquage pour l&rsquo;\u00e9lectronique grand public, les cosm\u00e9tiques, les appareils \u00e9lectrom\u00e9nagers et de nombreux produits industriels.<\/p><p>Aujourd&rsquo;hui, HGHY se d\u00e9marque par deux s\u00e9ries de technologies. Pour le type sec, la machine de formage \u00e0 double rotation de classe mondiale est capable de r\u00e9aliser 55 soufflages par minute ; pour le type humide, la machine de thermoformage tout-en-un est capable de r\u00e9aliser un emboutissage \u00e0 z\u00e9ro degr\u00e9 avec une pr\u00e9cision de moulage. Les deux technologies se sont bien vendues au cours des derni\u00e8res d\u00e9cennies et sont connues pour leur excellente efficacit\u00e9, performance et fiabilit\u00e9.<\/p><p>Gr\u00e2ce \u00e0 son \u00e9quipe de vente et d&rsquo;ing\u00e9nierie d\u00e9di\u00e9e, HGHY a aid\u00e9 plus de 300 clients dans plus de 60 pays \u00e0 mettre en place leurs usines avec une capacit\u00e9 de pointe et une production de qualit\u00e9 sup\u00e9rieure, et a \u00e9t\u00e9 r\u00e9compens\u00e9 par un savoir-faire et une expertise abondants, qui garantissent un niveau de service plus \u00e9lev\u00e9 pour aider nos clients \u00e0 obtenir un plus grand succ\u00e8s. Notre exp\u00e9rience de travail avec des leaders de l&rsquo;industrie comme les entreprises du Fortune 500 vous apportera de la valeur et une tranquillit\u00e9 d&rsquo;esprit.<\/p>\t\t\t\t\t\t\t\t<\/div>\n\t\t\t\t<\/div>\n\t\t<div class=\"elementor-element elementor-element-c7ba53d e-con-full e-flex e-con e-child\" data-id=\"c7ba53d\" data-element_type=\"container\" data-settings=\"{&quot;background_background&quot;:&quot;classic&quot;}\">\n\t\t<div class=\"elementor-element elementor-element-0beceba e-con-full e-flex e-con e-child\" data-id=\"0beceba\" data-element_type=\"container\">\n\t\t\t\t<div class=\"elementor-element elementor-element-f89501f elementor-widget elementor-widget-counter\" data-id=\"f89501f\" data-element_type=\"widget\" data-widget_type=\"counter.default\">\n\t\t\t\t<div class=\"elementor-widget-container\">\n\t\t\t\t\t\t\t<div class=\"elementor-counter\">\n\t\t\t<div class=\"elementor-counter-title\">HGHY a d\u00e9but\u00e9 en 1995<\/div>\t\t\t<div class=\"elementor-counter-number-wrapper\">\n\t\t\t\t<span class=\"elementor-counter-number-prefix\"><\/span>\n\t\t\t\t<span class=\"elementor-counter-number\" data-duration=\"2000\" data-to-value=\"28\" data-from-value=\"0\">0<\/span>\n\t\t\t\t<span class=\"elementor-counter-number-suffix\"><\/span>\n\t\t\t<\/div>\n\t\t<\/div>\n\t\t\t\t\t\t<\/div>\n\t\t\t\t<\/div>\n\t\t\t\t<\/div>\n\t\t<div class=\"elementor-element elementor-element-3443a90 e-con-full e-flex e-con e-child\" data-id=\"3443a90\" data-element_type=\"container\">\n\t\t\t\t<div class=\"elementor-element elementor-element-d9e8719 elementor-widget elementor-widget-counter\" data-id=\"d9e8719\" data-element_type=\"widget\" data-widget_type=\"counter.default\">\n\t\t\t\t<div class=\"elementor-widget-container\">\n\t\t\t\t\t\t\t<div class=\"elementor-counter\">\n\t\t\t<div class=\"elementor-counter-title\">Trois agences op\u00e9rationnelles<\/div>\t\t\t<div class=\"elementor-counter-number-wrapper\">\n\t\t\t\t<span class=\"elementor-counter-number-prefix\"><\/span>\n\t\t\t\t<span class=\"elementor-counter-number\" data-duration=\"2000\" data-to-value=\"3\" data-from-value=\"0\">0<\/span>\n\t\t\t\t<span class=\"elementor-counter-number-suffix\"><\/span>\n\t\t\t<\/div>\n\t\t<\/div>\n\t\t\t\t\t\t<\/div>\n\t\t\t\t<\/div>\n\t\t\t\t<\/div>\n\t\t<div class=\"elementor-element elementor-element-fd754ed e-con-full e-flex e-con e-child\" data-id=\"fd754ed\" data-element_type=\"container\">\n\t\t\t\t<div class=\"elementor-element elementor-element-f121288 elementor-widget elementor-widget-counter\" data-id=\"f121288\" data-element_type=\"widget\" data-widget_type=\"counter.default\">\n\t\t\t\t<div class=\"elementor-widget-container\">\n\t\t\t\t\t\t\t<div class=\"elementor-counter\">\n\t\t\t<div class=\"elementor-counter-title\">6 R\u00e9daction de normes industrielles<\/div>\t\t\t<div class=\"elementor-counter-number-wrapper\">\n\t\t\t\t<span class=\"elementor-counter-number-prefix\"><\/span>\n\t\t\t\t<span class=\"elementor-counter-number\" data-duration=\"2000\" data-to-value=\"6\" data-from-value=\"0\" data-delimiter=\",\">0<\/span>\n\t\t\t\t<span class=\"elementor-counter-number-suffix\"><\/span>\n\t\t\t<\/div>\n\t\t<\/div>\n\t\t\t\t\t\t<\/div>\n\t\t\t\t<\/div>\n\t\t\t\t<\/div>\n\t\t<div class=\"elementor-element elementor-element-a692ad8 e-con-full e-flex e-con e-child\" data-id=\"a692ad8\" data-element_type=\"container\">\n\t\t\t\t<div class=\"elementor-element elementor-element-d43fa09 elementor-widget elementor-widget-counter\" data-id=\"d43fa09\" data-element_type=\"widget\" data-widget_type=\"counter.default\">\n\t\t\t\t<div class=\"elementor-widget-container\">\n\t\t\t\t\t\t\t<div class=\"elementor-counter\">\n\t\t\t<div class=\"elementor-counter-title\">Plus de 160 certifications de brevets<\/div>\t\t\t<div class=\"elementor-counter-number-wrapper\">\n\t\t\t\t<span class=\"elementor-counter-number-prefix\"><\/span>\n\t\t\t\t<span class=\"elementor-counter-number\" data-duration=\"2000\" data-to-value=\"160\" data-from-value=\"0\">0<\/span>\n\t\t\t\t<span class=\"elementor-counter-number-suffix\"><\/span>\n\t\t\t<\/div>\n\t\t<\/div>\n\t\t\t\t\t\t<\/div>\n\t\t\t\t<\/div>\n\t\t\t\t<\/div>\n\t\t<div class=\"elementor-element elementor-element-b7a793f e-con-full e-flex e-con e-child\" data-id=\"b7a793f\" data-element_type=\"container\">\n\t\t\t\t<div class=\"elementor-element elementor-element-4ccef06 elementor-widget elementor-widget-counter\" data-id=\"4ccef06\" data-element_type=\"widget\" data-widget_type=\"counter.default\">\n\t\t\t\t<div class=\"elementor-widget-container\">\n\t\t\t\t\t\t\t<div class=\"elementor-counter\">\n\t\t\t<div class=\"elementor-counter-title\">Ventes dans plus de 60 pays \u00e0 travers le monde<\/div>\t\t\t<div class=\"elementor-counter-number-wrapper\">\n\t\t\t\t<span class=\"elementor-counter-number-prefix\"><\/span>\n\t\t\t\t<span class=\"elementor-counter-number\" data-duration=\"2000\" data-to-value=\"60\" data-from-value=\"0\">0<\/span>\n\t\t\t\t<span class=\"elementor-counter-number-suffix\">+<\/span>\n\t\t\t<\/div>\n\t\t<\/div>\n\t\t\t\t\t\t<\/div>\n\t\t\t\t<\/div>\n\t\t\t\t<\/div>\n\t\t<div class=\"elementor-element elementor-element-667d8d0 e-con-full e-flex e-con e-child\" data-id=\"667d8d0\" data-element_type=\"container\">\n\t\t\t\t<div class=\"elementor-element elementor-element-29d8a0e elementor-widget elementor-widget-counter\" data-id=\"29d8a0e\" data-element_type=\"widget\" data-widget_type=\"counter.default\">\n\t\t\t\t<div class=\"elementor-widget-container\">\n\t\t\t\t\t\t\t<div class=\"elementor-counter\">\n\t\t\t<div class=\"elementor-counter-title\">Au service de plus de 10 000+ clients<\/div>\t\t\t<div class=\"elementor-counter-number-wrapper\">\n\t\t\t\t<span class=\"elementor-counter-number-prefix\"><\/span>\n\t\t\t\t<span class=\"elementor-counter-number\" data-duration=\"2000\" data-to-value=\"10000\" data-from-value=\"0\" data-delimiter=\",\">0<\/span>\n\t\t\t\t<span class=\"elementor-counter-number-suffix\">+<\/span>\n\t\t\t<\/div>\n\t\t<\/div>\n\t\t\t\t\t\t<\/div>\n\t\t\t\t<\/div>\n\t\t\t\t<\/div>\n\t\t\t\t<\/div>\n\t\t<div class=\"elementor-element elementor-element-983c469 e-con-full e-flex e-con e-child\" data-id=\"983c469\" data-element_type=\"container\">\n\t\t\t\t<div class=\"elementor-element elementor-element-ba31284 elementor-widget elementor-widget-video\" data-id=\"ba31284\" data-element_type=\"widget\" data-settings=\"{&quot;video_type&quot;:&quot;hosted&quot;,&quot;controls&quot;:&quot;yes&quot;}\" data-widget_type=\"video.default\">\n\t\t\t\t<div class=\"elementor-widget-container\">\n\t\t\t\t\t\t\t<div class=\"e-hosted-video elementor-wrapper elementor-open-inline\">\n\t\t\t\t\t<video class=\"elementor-video\" src=\"https:\/\/pulpmoldingchina.cn\/wp-content\/uploads\/2022\/11\/HGHY-video.mp4\" controls=\"\" preload=\"metadata\" controlsList=\"nodownload\"><\/video>\n\t\t\t\t<\/div>\n\t\t\t\t\t\t<\/div>\n\t\t\t\t<\/div>\n\t\t\t\t<\/div>\n\t\t\t\t\t<\/div>\n\t\t\t\t<\/div>\n\t\t<div class=\"elementor-element elementor-element-66d1383 e-flex e-con-boxed e-con e-parent\" data-id=\"66d1383\" data-element_type=\"container\" data-settings=\"{&quot;background_background&quot;:&quot;classic&quot;}\">\n\t\t\t\t\t<div class=\"e-con-inner\">\n\t\t<div class=\"elementor-element elementor-element-f8cb6c5 e-con-full e-flex e-con e-child\" data-id=\"f8cb6c5\" data-element_type=\"container\">\n\t\t\t\t<div class=\"elementor-element elementor-element-0cc2952 elementor-widget elementor-widget-html\" data-id=\"0cc2952\" data-element_type=\"widget\" data-widget_type=\"html.default\">\n\t\t\t\t<div class=\"elementor-widget-container\">\n\t\t\t\t\t<div style=\"height:60px;\">\r\n<p class=\"has-text-color\" style=\"color:#4b4f58;font-size:35px;margin-bottom:-5px !important;\">Demander un devis<\/p>\r\n<div style=\"z-index: -1;position:relative;top:-1px;width:290px;height:10px;background-color:#59BBAD\"><\/div><\/div><br>\t\t\t\t<\/div>\n\t\t\t\t<\/div>\n\t\t\t\t<\/div>\n\t\t<div class=\"elementor-element elementor-element-4dd7eed e-flex e-con-boxed e-con e-child\" data-id=\"4dd7eed\" data-element_type=\"container\">\n\t\t\t\t\t<div class=\"e-con-inner\">\n\t\t\t\t\t<\/div>\n\t\t\t\t<\/div>\n\t\t\t\t\t<\/div>\n\t\t\t\t<\/div>\n\t\t\t\t<\/div>\n\t\t","protected":false},"excerpt":{"rendered":"<p>Notre vision \u00catre la r\u00e9f\u00e9rence en mati\u00e8re d&rsquo;\u00e9quipement et de technologie de moulage de p\u00e2te \u00e0 papier et cr\u00e9er une marque internationale qui durera un si\u00e8cle. Qui nous sommes HGHY, bas\u00e9 dans la Cit\u00e9 scientifique de Guangzhou, se consacre aux solutions compl\u00e8tes de moulage de p\u00e2te et excelle dans la cr\u00e9ation de produits d&#8217;emballage moul\u00e9s [&hellip;]<\/p>\n","protected":false},"author":1,"featured_media":0,"parent":0,"menu_order":5,"comment_status":"closed","ping_status":"closed","template":"","meta":{"_joinchat":[],"footnotes":""},"class_list":["post-4799","page","type-page","status-publish","hentry"],"_links":{"self":[{"href":"https:\/\/www.hghypulpmolding.com\/fr\/wp-json\/wp\/v2\/pages\/4799","targetHints":{"allow":["GET"]}}],"collection":[{"href":"https:\/\/www.hghypulpmolding.com\/fr\/wp-json\/wp\/v2\/pages"}],"about":[{"href":"https:\/\/www.hghypulpmolding.com\/fr\/wp-json\/wp\/v2\/types\/page"}],"author":[{"embeddable":true,"href":"https:\/\/www.hghypulpmolding.com\/fr\/wp-json\/wp\/v2\/users\/1"}],"replies":[{"embeddable":true,"href":"https:\/\/www.hghypulpmolding.com\/fr\/wp-json\/wp\/v2\/comments?post=4799"}],"version-history":[{"count":0,"href":"https:\/\/www.hghypulpmolding.com\/fr\/wp-json\/wp\/v2\/pages\/4799\/revisions"}],"wp:attachment":[{"href":"https:\/\/www.hghypulpmolding.com\/fr\/wp-json\/wp\/v2\/media?parent=4799"}],"curies":[{"name":"wp","href":"https:\/\/api.w.org\/{rel}","templated":true}]}}