{"id":9615,"date":"2024-03-15T02:12:04","date_gmt":"2024-03-15T02:12:04","guid":{"rendered":"https:\/\/hghypulpmolding.com\/?page_id=9615"},"modified":"2024-03-15T02:20:57","modified_gmt":"2024-03-15T02:20:57","slug":"maquina-de-polpa-moldada","status":"publish","type":"page","link":"https:\/\/www.hghypulpmolding.com\/pt-br\/maquina-de-polpa-moldada\/","title":{"rendered":"M\u00e1quina De Polpa Moldada"},"content":{"rendered":"\t\t<div data-elementor-type=\"wp-page\" data-elementor-id=\"9615\" class=\"elementor elementor-9615\" data-elementor-settings=\"{&quot;element_pack_global_tooltip_width&quot;:{&quot;unit&quot;:&quot;px&quot;,&quot;size&quot;:&quot;&quot;,&quot;sizes&quot;:[]},&quot;element_pack_global_tooltip_width_tablet&quot;:{&quot;unit&quot;:&quot;px&quot;,&quot;size&quot;:&quot;&quot;,&quot;sizes&quot;:[]},&quot;element_pack_global_tooltip_width_mobile&quot;:{&quot;unit&quot;:&quot;px&quot;,&quot;size&quot;:&quot;&quot;,&quot;sizes&quot;:[]},&quot;element_pack_global_tooltip_padding&quot;:{&quot;unit&quot;:&quot;px&quot;,&quot;top&quot;:&quot;&quot;,&quot;right&quot;:&quot;&quot;,&quot;bottom&quot;:&quot;&quot;,&quot;left&quot;:&quot;&quot;,&quot;isLinked&quot;:true},&quot;element_pack_global_tooltip_padding_tablet&quot;:{&quot;unit&quot;:&quot;px&quot;,&quot;top&quot;:&quot;&quot;,&quot;right&quot;:&quot;&quot;,&quot;bottom&quot;:&quot;&quot;,&quot;left&quot;:&quot;&quot;,&quot;isLinked&quot;:true},&quot;element_pack_global_tooltip_padding_mobile&quot;:{&quot;unit&quot;:&quot;px&quot;,&quot;top&quot;:&quot;&quot;,&quot;right&quot;:&quot;&quot;,&quot;bottom&quot;:&quot;&quot;,&quot;left&quot;:&quot;&quot;,&quot;isLinked&quot;:true},&quot;element_pack_global_tooltip_border_radius&quot;:{&quot;unit&quot;:&quot;px&quot;,&quot;top&quot;:&quot;&quot;,&quot;right&quot;:&quot;&quot;,&quot;bottom&quot;:&quot;&quot;,&quot;left&quot;:&quot;&quot;,&quot;isLinked&quot;:true},&quot;element_pack_global_tooltip_border_radius_tablet&quot;:{&quot;unit&quot;:&quot;px&quot;,&quot;top&quot;:&quot;&quot;,&quot;right&quot;:&quot;&quot;,&quot;bottom&quot;:&quot;&quot;,&quot;left&quot;:&quot;&quot;,&quot;isLinked&quot;:true},&quot;element_pack_global_tooltip_border_radius_mobile&quot;:{&quot;unit&quot;:&quot;px&quot;,&quot;top&quot;:&quot;&quot;,&quot;right&quot;:&quot;&quot;,&quot;bottom&quot;:&quot;&quot;,&quot;left&quot;:&quot;&quot;,&quot;isLinked&quot;:true}}\" data-elementor-post-type=\"page\">\n\t\t\t\t<div class=\"elementor-element elementor-element-64aa9253 e-flex e-con-boxed e-con e-parent\" data-id=\"64aa9253\" data-element_type=\"container\" data-settings=\"{&quot;background_background&quot;:&quot;classic&quot;}\">\n\t\t\t\t\t<div class=\"e-con-inner\">\n\t\t<div class=\"elementor-element elementor-element-513af2f6 e-con-full e-flex e-con e-parent\" data-id=\"513af2f6\" data-element_type=\"container\">\n\t\t\t\t<div class=\"elementor-element elementor-element-499c7c0d elementor-widget elementor-widget-heading\" data-id=\"499c7c0d\" data-element_type=\"widget\" data-widget_type=\"heading.default\">\n\t\t\t\t<div class=\"elementor-widget-container\">\n\t\t\t\t\t<h2 class=\"elementor-heading-title elementor-size-default\">M\u00e1quina De Polpa Moldada<\/h2>\t\t\t\t<\/div>\n\t\t\t\t<\/div>\n\t\t\t\t<div class=\"elementor-element elementor-element-173ea367 elementor-widget elementor-widget-woocommerce-breadcrumb\" data-id=\"173ea367\" data-element_type=\"widget\" data-widget_type=\"woocommerce-breadcrumb.default\">\n\t\t\t\t<div class=\"elementor-widget-container\">\n\t\t\t\t\t<nav class=\"woocommerce-breadcrumb\" aria-label=\"Breadcrumb\">In\u00edcio<\/nav>\t\t\t\t<\/div>\n\t\t\t\t<\/div>\n\t\t\t\t<\/div>\n\t\t\t\t\t<\/div>\n\t\t\t\t<\/div>\n\t\t<div class=\"elementor-element elementor-element-2c9a2eeb e-flex e-con-boxed e-con e-parent\" data-id=\"2c9a2eeb\" data-element_type=\"container\">\n\t\t\t\t\t<div class=\"e-con-inner\">\n\t\t<div class=\"elementor-element elementor-element-51852da4 e-flex e-con-boxed e-con e-parent\" data-id=\"51852da4\" data-element_type=\"container\" data-settings=\"{&quot;background_background&quot;:&quot;classic&quot;}\">\n\t\t\t\t\t<div class=\"e-con-inner\">\n\t\t\t\t<div class=\"elementor-element elementor-element-092337e elementor-grid-3 elementor-product-loop-item--align-center elementor-grid-tablet-3 elementor-grid-mobile-2 elementor-products-grid elementor-wc-products elementor-widget elementor-widget-woocommerce-products\" data-id=\"092337e\" data-element_type=\"widget\" data-widget_type=\"woocommerce-products.default\">\n\t\t\t\t<div class=\"elementor-widget-container\">\n\t\t\t\t\t<div class=\"woocommerce columns-3 \"><ul class=\"products elementor-grid columns-3\">\n<li class=\"product type-product post-14730 status-publish first instock has-post-thumbnail shipping-taxable product-type-simple\">\n\t<a href=\"https:\/\/www.hghypulpmolding.com\/pt-br\/product\/maquina-de-embalar-bandeja-para-frutas\/\" class=\"woocommerce-LoopProduct-link woocommerce-loop-product__link\"><img decoding=\"async\" width=\"300\" height=\"300\" src=\"https:\/\/www.hghypulpmolding.com\/wp-content\/uploads\/2023\/10\/Automatic-Rotary-Egg-Tray-Making-Machine-300x300.webp\" class=\"attachment-woocommerce_thumbnail size-woocommerce_thumbnail\" alt=\"M\u00e1quina De Embalar bandeja para frutas\" srcset=\"https:\/\/www.hghypulpmolding.com\/wp-content\/uploads\/2023\/10\/Automatic-Rotary-Egg-Tray-Making-Machine-300x300.webp 300w, https:\/\/www.hghypulpmolding.com\/wp-content\/uploads\/2023\/10\/Automatic-Rotary-Egg-Tray-Making-Machine-150x150.webp 150w, https:\/\/www.hghypulpmolding.com\/wp-content\/uploads\/2023\/10\/Automatic-Rotary-Egg-Tray-Making-Machine-768x768.webp 768w, https:\/\/www.hghypulpmolding.com\/wp-content\/uploads\/2023\/10\/Automatic-Rotary-Egg-Tray-Making-Machine-600x600.webp 600w, https:\/\/www.hghypulpmolding.com\/wp-content\/uploads\/2023\/10\/Automatic-Rotary-Egg-Tray-Making-Machine-100x100.webp 100w, https:\/\/www.hghypulpmolding.com\/wp-content\/uploads\/2023\/10\/Automatic-Rotary-Egg-Tray-Making-Machine.webp 1000w\" sizes=\"(max-width: 300px) 100vw, 300px\" \/><h2 class=\"woocommerce-loop-product__title\">M\u00e1quina De Embalar bandeja para frutas<\/h2>\n<\/a><a data-pid=\"14730\" class=\"shopengine_add_to_list_action shopengine-wishlist badge se-btn inactive\" href=\"#\" ><i class=\"shopengine-icon-add_to_favourite_1\"><\/i><\/a><a title='Quick View' class='shopengine-quickview-trigger se-btn'\n\t\t\t\t\tdata-source-url='https:\/\/www.hghypulpmolding.com\/pt-br\/product\/maquina-de-embalar-bandeja-para-frutas\/'\n\t\t\t\t\thref='https:\/\/www.hghypulpmolding.com\/pt-br\/product\/maquina-de-embalar-bandeja-para-frutas\/'>\n\t\t\t\t\t<i class=\"shopengine-icon-quick_view_1\"><\/i>\n\t\t\t\t<\/a><a href=\"https:\/\/www.hghypulpmolding.com\/pt-br\/product\/maquina-de-embalar-bandeja-para-frutas\/\" aria-describedby=\"woocommerce_loop_add_to_cart_link_describedby_14730\" data-quantity=\"1\" class=\"button product_type_simple\" data-product_id=\"14730\" data-product_sku=\"007-3-1\" aria-label=\"Leia mais sobre &ldquo;M\u00e1quina De Embalar bandeja para frutas&rdquo;\" rel=\"nofollow\" data-success_message=\"\">Leia mais<\/a><a data-payload='{\"pid\":14730}' class=\"shopengine_comparison_add_to_list_action shopengine-comparison badge se-btn inactive\"> <i class=\"shopengine-icon-product_compare_1\"><\/i> <\/a>\t<span id=\"woocommerce_loop_add_to_cart_link_describedby_14730\" class=\"screen-reader-text\">\n\t\t\t<\/span>\n<\/li>\n<li class=\"product type-product post-9624 status-publish instock has-post-thumbnail shipping-taxable product-type-simple\">\n\t<a href=\"https:\/\/www.hghypulpmolding.com\/pt-br\/product\/maquina-de-tampa-de-papel-para-copo\/\" class=\"woocommerce-LoopProduct-link woocommerce-loop-product__link\"><img decoding=\"async\" width=\"300\" height=\"300\" src=\"https:\/\/www.hghypulpmolding.com\/wp-content\/uploads\/2023\/10\/Paper-Cup-Lid-Machine-300x300.webp\" class=\"attachment-woocommerce_thumbnail size-woocommerce_thumbnail\" alt=\"paper lid making machine\" srcset=\"https:\/\/www.hghypulpmolding.com\/wp-content\/uploads\/2023\/10\/Paper-Cup-Lid-Machine-300x300.webp 300w, https:\/\/www.hghypulpmolding.com\/wp-content\/uploads\/2023\/10\/Paper-Cup-Lid-Machine-150x150.webp 150w, https:\/\/www.hghypulpmolding.com\/wp-content\/uploads\/2023\/10\/Paper-Cup-Lid-Machine-768x768.webp 768w, https:\/\/www.hghypulpmolding.com\/wp-content\/uploads\/2023\/10\/Paper-Cup-Lid-Machine-600x600.webp 600w, https:\/\/www.hghypulpmolding.com\/wp-content\/uploads\/2023\/10\/Paper-Cup-Lid-Machine-100x100.webp 100w, https:\/\/www.hghypulpmolding.com\/wp-content\/uploads\/2023\/10\/Paper-Cup-Lid-Machine.webp 1000w\" sizes=\"(max-width: 300px) 100vw, 300px\" \/><h2 class=\"woocommerce-loop-product__title\">M\u00e1quina De Tampa De Papel Para Copo<\/h2>\n<\/a><a data-pid=\"9624\" class=\"shopengine_add_to_list_action shopengine-wishlist badge se-btn inactive\" href=\"#\" ><i class=\"shopengine-icon-add_to_favourite_1\"><\/i><\/a><a title='Quick View' class='shopengine-quickview-trigger se-btn'\n\t\t\t\t\tdata-source-url='https:\/\/www.hghypulpmolding.com\/pt-br\/product\/maquina-de-tampa-de-papel-para-copo\/'\n\t\t\t\t\thref='https:\/\/www.hghypulpmolding.com\/pt-br\/product\/maquina-de-tampa-de-papel-para-copo\/'>\n\t\t\t\t\t<i class=\"shopengine-icon-quick_view_1\"><\/i>\n\t\t\t\t<\/a><a href=\"https:\/\/www.hghypulpmolding.com\/pt-br\/product\/maquina-de-tampa-de-papel-para-copo\/\" aria-describedby=\"woocommerce_loop_add_to_cart_link_describedby_9624\" data-quantity=\"1\" class=\"button product_type_simple\" data-product_id=\"9624\" data-product_sku=\"004-3\" aria-label=\"Leia mais sobre &ldquo;M\u00e1quina De Tampa De Papel Para Copo&rdquo;\" rel=\"nofollow\" data-success_message=\"\">Leia mais<\/a><a data-payload='{\"pid\":9624}' class=\"shopengine_comparison_add_to_list_action shopengine-comparison badge se-btn inactive\"> <i class=\"shopengine-icon-product_compare_1\"><\/i> <\/a>\t<span id=\"woocommerce_loop_add_to_cart_link_describedby_9624\" class=\"screen-reader-text\">\n\t\t\t<\/span>\n<\/li>\n<li class=\"product type-product post-9610 status-publish last instock has-post-thumbnail shipping-taxable product-type-simple\">\n\t<a href=\"https:\/\/www.hghypulpmolding.com\/pt-br\/product\/maquina-de-embalagem-de-bagaco-de-cana-de-acucar\/\" class=\"woocommerce-LoopProduct-link woocommerce-loop-product__link\"><img decoding=\"async\" width=\"300\" height=\"300\" src=\"https:\/\/www.hghypulpmolding.com\/wp-content\/uploads\/2023\/10\/Pulp-Thermoforming-Machine-300x300.webp\" class=\"attachment-woocommerce_thumbnail size-woocommerce_thumbnail\" alt=\"mobile phone box packaging machine\" srcset=\"https:\/\/www.hghypulpmolding.com\/wp-content\/uploads\/2023\/10\/Pulp-Thermoforming-Machine-300x300.webp 300w, https:\/\/www.hghypulpmolding.com\/wp-content\/uploads\/2023\/10\/Pulp-Thermoforming-Machine-150x150.webp 150w, https:\/\/www.hghypulpmolding.com\/wp-content\/uploads\/2023\/10\/Pulp-Thermoforming-Machine-768x768.webp 768w, https:\/\/www.hghypulpmolding.com\/wp-content\/uploads\/2023\/10\/Pulp-Thermoforming-Machine-600x600.webp 600w, https:\/\/www.hghypulpmolding.com\/wp-content\/uploads\/2023\/10\/Pulp-Thermoforming-Machine-100x100.webp 100w, https:\/\/www.hghypulpmolding.com\/wp-content\/uploads\/2023\/10\/Pulp-Thermoforming-Machine.webp 1000w\" sizes=\"(max-width: 300px) 100vw, 300px\" \/><h2 class=\"woocommerce-loop-product__title\">M\u00e1quina De Embalagem De Baga\u00e7o De Cana De A\u00e7\u00facar<\/h2>\n<\/a><a data-pid=\"9610\" class=\"shopengine_add_to_list_action shopengine-wishlist badge se-btn inactive\" href=\"#\" ><i class=\"shopengine-icon-add_to_favourite_1\"><\/i><\/a><a title='Quick View' class='shopengine-quickview-trigger se-btn'\n\t\t\t\t\tdata-source-url='https:\/\/www.hghypulpmolding.com\/pt-br\/product\/maquina-de-embalagem-de-bagaco-de-cana-de-acucar\/'\n\t\t\t\t\thref='https:\/\/www.hghypulpmolding.com\/pt-br\/product\/maquina-de-embalagem-de-bagaco-de-cana-de-acucar\/'>\n\t\t\t\t\t<i class=\"shopengine-icon-quick_view_1\"><\/i>\n\t\t\t\t<\/a><a href=\"https:\/\/www.hghypulpmolding.com\/pt-br\/product\/maquina-de-embalagem-de-bagaco-de-cana-de-acucar\/\" aria-describedby=\"woocommerce_loop_add_to_cart_link_describedby_9610\" data-quantity=\"1\" class=\"button product_type_simple\" data-product_id=\"9610\" data-product_sku=\"003-1-1-3\" aria-label=\"Leia mais sobre &ldquo;M\u00e1quina De Embalagem De Baga\u00e7o De Cana De A\u00e7\u00facar&rdquo;\" rel=\"nofollow\" data-success_message=\"\">Leia mais<\/a><a data-payload='{\"pid\":9610}' class=\"shopengine_comparison_add_to_list_action shopengine-comparison badge se-btn inactive\"> <i class=\"shopengine-icon-product_compare_1\"><\/i> <\/a>\t<span id=\"woocommerce_loop_add_to_cart_link_describedby_9610\" class=\"screen-reader-text\">\n\t\t\t<\/span>\n<\/li>\n<li class=\"product type-product post-9604 status-publish first instock has-post-thumbnail shipping-taxable product-type-simple\">\n\t<a href=\"https:\/\/www.hghypulpmolding.com\/pt-br\/product\/maquina-de-embalar-bandeja-de-ovo\/\" class=\"woocommerce-LoopProduct-link woocommerce-loop-product__link\"><img decoding=\"async\" width=\"300\" height=\"300\" src=\"https:\/\/www.hghypulpmolding.com\/wp-content\/uploads\/2023\/10\/High-Speed-Double-Rotary-Egg-Tray-Making-Machine-300x300.webp\" class=\"attachment-woocommerce_thumbnail size-woocommerce_thumbnail\" alt=\"Double Rotary Egg Tray Machine\" srcset=\"https:\/\/www.hghypulpmolding.com\/wp-content\/uploads\/2023\/10\/High-Speed-Double-Rotary-Egg-Tray-Making-Machine-300x300.webp 300w, https:\/\/www.hghypulpmolding.com\/wp-content\/uploads\/2023\/10\/High-Speed-Double-Rotary-Egg-Tray-Making-Machine-150x150.webp 150w, https:\/\/www.hghypulpmolding.com\/wp-content\/uploads\/2023\/10\/High-Speed-Double-Rotary-Egg-Tray-Making-Machine-768x768.webp 768w, https:\/\/www.hghypulpmolding.com\/wp-content\/uploads\/2023\/10\/High-Speed-Double-Rotary-Egg-Tray-Making-Machine-600x600.webp 600w, https:\/\/www.hghypulpmolding.com\/wp-content\/uploads\/2023\/10\/High-Speed-Double-Rotary-Egg-Tray-Making-Machine-100x100.webp 100w, https:\/\/www.hghypulpmolding.com\/wp-content\/uploads\/2023\/10\/High-Speed-Double-Rotary-Egg-Tray-Making-Machine.webp 1000w\" sizes=\"(max-width: 300px) 100vw, 300px\" \/><h2 class=\"woocommerce-loop-product__title\">M\u00e1quina De Embalar Bandeja De Ovo<\/h2>\n<\/a><a data-pid=\"9604\" class=\"shopengine_add_to_list_action shopengine-wishlist badge se-btn inactive\" href=\"#\" ><i class=\"shopengine-icon-add_to_favourite_1\"><\/i><\/a><a title='Quick View' class='shopengine-quickview-trigger se-btn'\n\t\t\t\t\tdata-source-url='https:\/\/www.hghypulpmolding.com\/pt-br\/product\/maquina-de-embalar-bandeja-de-ovo\/'\n\t\t\t\t\thref='https:\/\/www.hghypulpmolding.com\/pt-br\/product\/maquina-de-embalar-bandeja-de-ovo\/'>\n\t\t\t\t\t<i class=\"shopengine-icon-quick_view_1\"><\/i>\n\t\t\t\t<\/a><a href=\"https:\/\/www.hghypulpmolding.com\/pt-br\/product\/maquina-de-embalar-bandeja-de-ovo\/\" aria-describedby=\"woocommerce_loop_add_to_cart_link_describedby_9604\" data-quantity=\"1\" class=\"button product_type_simple\" data-product_id=\"9604\" data-product_sku=\"007-3\" aria-label=\"Leia mais sobre &ldquo;M\u00e1quina De Embalar Bandeja De Ovo&rdquo;\" rel=\"nofollow\" data-success_message=\"\">Leia mais<\/a><a data-payload='{\"pid\":9604}' class=\"shopengine_comparison_add_to_list_action shopengine-comparison badge se-btn inactive\"> <i class=\"shopengine-icon-product_compare_1\"><\/i> <\/a>\t<span id=\"woocommerce_loop_add_to_cart_link_describedby_9604\" class=\"screen-reader-text\">\n\t\t\t<\/span>\n<\/li>\n<li class=\"product type-product post-9599 status-publish instock has-post-thumbnail shipping-taxable product-type-simple\">\n\t<a href=\"https:\/\/www.hghypulpmolding.com\/pt-br\/product\/maquina-de-talher-descartavel-biodegradavel\/\" class=\"woocommerce-LoopProduct-link woocommerce-loop-product__link\"><img decoding=\"async\" width=\"300\" height=\"300\" src=\"https:\/\/www.hghypulpmolding.com\/wp-content\/uploads\/2023\/10\/tableware-machine-1-300x300.webp\" class=\"attachment-woocommerce_thumbnail size-woocommerce_thumbnail\" alt=\"pulp molding tableware machine\" srcset=\"https:\/\/www.hghypulpmolding.com\/wp-content\/uploads\/2023\/10\/tableware-machine-1-300x300.webp 300w, https:\/\/www.hghypulpmolding.com\/wp-content\/uploads\/2023\/10\/tableware-machine-1-150x150.webp 150w, https:\/\/www.hghypulpmolding.com\/wp-content\/uploads\/2023\/10\/tableware-machine-1-768x768.webp 768w, https:\/\/www.hghypulpmolding.com\/wp-content\/uploads\/2023\/10\/tableware-machine-1-600x600.webp 600w, https:\/\/www.hghypulpmolding.com\/wp-content\/uploads\/2023\/10\/tableware-machine-1-100x100.webp 100w, https:\/\/www.hghypulpmolding.com\/wp-content\/uploads\/2023\/10\/tableware-machine-1.webp 1000w\" sizes=\"(max-width: 300px) 100vw, 300px\" \/><h2 class=\"woocommerce-loop-product__title\">M\u00e1quina De Talher Descartavel Biodegradavel<\/h2>\n<\/a><a data-pid=\"9599\" class=\"shopengine_add_to_list_action shopengine-wishlist badge se-btn inactive\" href=\"#\" ><i class=\"shopengine-icon-add_to_favourite_1\"><\/i><\/a><a title='Quick View' class='shopengine-quickview-trigger se-btn'\n\t\t\t\t\tdata-source-url='https:\/\/www.hghypulpmolding.com\/pt-br\/product\/maquina-de-talher-descartavel-biodegradavel\/'\n\t\t\t\t\thref='https:\/\/www.hghypulpmolding.com\/pt-br\/product\/maquina-de-talher-descartavel-biodegradavel\/'>\n\t\t\t\t\t<i class=\"shopengine-icon-quick_view_1\"><\/i>\n\t\t\t\t<\/a><a href=\"https:\/\/www.hghypulpmolding.com\/pt-br\/product\/maquina-de-talher-descartavel-biodegradavel\/\" aria-describedby=\"woocommerce_loop_add_to_cart_link_describedby_9599\" data-quantity=\"1\" class=\"button product_type_simple\" data-product_id=\"9599\" data-product_sku=\"009-3\" aria-label=\"Leia mais sobre &ldquo;M\u00e1quina De Talher Descartavel Biodegradavel&rdquo;\" rel=\"nofollow\" data-success_message=\"\">Leia mais<\/a><a data-payload='{\"pid\":9599}' class=\"shopengine_comparison_add_to_list_action shopengine-comparison badge se-btn inactive\"> <i class=\"shopengine-icon-product_compare_1\"><\/i> <\/a>\t<span id=\"woocommerce_loop_add_to_cart_link_describedby_9599\" class=\"screen-reader-text\">\n\t\t\t<\/span>\n<\/li>\n<\/ul>\n<\/div>\t\t\t\t<\/div>\n\t\t\t\t<\/div>\n\t\t\t\t\t<\/div>\n\t\t\t\t<\/div>\n\t\t\t\t\t<\/div>\n\t\t\t\t<\/div>\n\t\t\t\t<\/div>\n\t\t","protected":false},"excerpt":{"rendered":"<p>M\u00e1quina De Polpa Moldada<\/p>\n","protected":false},"author":1,"featured_media":0,"parent":0,"menu_order":2,"comment_status":"closed","ping_status":"closed","template":"","meta":{"_joinchat":[],"footnotes":""},"class_list":["post-9615","page","type-page","status-publish","hentry"],"_links":{"self":[{"href":"https:\/\/www.hghypulpmolding.com\/pt-br\/wp-json\/wp\/v2\/pages\/9615","targetHints":{"allow":["GET"]}}],"collection":[{"href":"https:\/\/www.hghypulpmolding.com\/pt-br\/wp-json\/wp\/v2\/pages"}],"about":[{"href":"https:\/\/www.hghypulpmolding.com\/pt-br\/wp-json\/wp\/v2\/types\/page"}],"author":[{"embeddable":true,"href":"https:\/\/www.hghypulpmolding.com\/pt-br\/wp-json\/wp\/v2\/users\/1"}],"replies":[{"embeddable":true,"href":"https:\/\/www.hghypulpmolding.com\/pt-br\/wp-json\/wp\/v2\/comments?post=9615"}],"version-history":[{"count":0,"href":"https:\/\/www.hghypulpmolding.com\/pt-br\/wp-json\/wp\/v2\/pages\/9615\/revisions"}],"wp:attachment":[{"href":"https:\/\/www.hghypulpmolding.com\/pt-br\/wp-json\/wp\/v2\/media?parent=9615"}],"curies":[{"name":"wp","href":"https:\/\/api.w.org\/{rel}","templated":true}]}}