{"id":12807,"date":"2024-06-18T09:20:44","date_gmt":"2024-06-18T09:20:44","guid":{"rendered":"https:\/\/hghypulpmolding.com\/?page_id=12807"},"modified":"2025-06-04T09:29:50","modified_gmt":"2025-06-04T09:29:50","slug":"hghy-hakkinda","status":"publish","type":"page","link":"https:\/\/www.hghypulpmolding.com\/tr\/hghy-hakkinda\/","title":{"rendered":"HGHY Hakk\u0131nda"},"content":{"rendered":"\t\t<div data-elementor-type=\"wp-page\" data-elementor-id=\"12807\" class=\"elementor elementor-12807\" data-elementor-settings=\"{&quot;element_pack_global_tooltip_width&quot;:{&quot;unit&quot;:&quot;px&quot;,&quot;size&quot;:&quot;&quot;,&quot;sizes&quot;:[]},&quot;element_pack_global_tooltip_width_tablet&quot;:{&quot;unit&quot;:&quot;px&quot;,&quot;size&quot;:&quot;&quot;,&quot;sizes&quot;:[]},&quot;element_pack_global_tooltip_width_mobile&quot;:{&quot;unit&quot;:&quot;px&quot;,&quot;size&quot;:&quot;&quot;,&quot;sizes&quot;:[]},&quot;element_pack_global_tooltip_padding&quot;:{&quot;unit&quot;:&quot;px&quot;,&quot;top&quot;:&quot;&quot;,&quot;right&quot;:&quot;&quot;,&quot;bottom&quot;:&quot;&quot;,&quot;left&quot;:&quot;&quot;,&quot;isLinked&quot;:true},&quot;element_pack_global_tooltip_padding_tablet&quot;:{&quot;unit&quot;:&quot;px&quot;,&quot;top&quot;:&quot;&quot;,&quot;right&quot;:&quot;&quot;,&quot;bottom&quot;:&quot;&quot;,&quot;left&quot;:&quot;&quot;,&quot;isLinked&quot;:true},&quot;element_pack_global_tooltip_padding_mobile&quot;:{&quot;unit&quot;:&quot;px&quot;,&quot;top&quot;:&quot;&quot;,&quot;right&quot;:&quot;&quot;,&quot;bottom&quot;:&quot;&quot;,&quot;left&quot;:&quot;&quot;,&quot;isLinked&quot;:true},&quot;element_pack_global_tooltip_border_radius&quot;:{&quot;unit&quot;:&quot;px&quot;,&quot;top&quot;:&quot;&quot;,&quot;right&quot;:&quot;&quot;,&quot;bottom&quot;:&quot;&quot;,&quot;left&quot;:&quot;&quot;,&quot;isLinked&quot;:true},&quot;element_pack_global_tooltip_border_radius_tablet&quot;:{&quot;unit&quot;:&quot;px&quot;,&quot;top&quot;:&quot;&quot;,&quot;right&quot;:&quot;&quot;,&quot;bottom&quot;:&quot;&quot;,&quot;left&quot;:&quot;&quot;,&quot;isLinked&quot;:true},&quot;element_pack_global_tooltip_border_radius_mobile&quot;:{&quot;unit&quot;:&quot;px&quot;,&quot;top&quot;:&quot;&quot;,&quot;right&quot;:&quot;&quot;,&quot;bottom&quot;:&quot;&quot;,&quot;left&quot;:&quot;&quot;,&quot;isLinked&quot;:true}}\" data-elementor-post-type=\"page\">\n\t\t\t\t<div class=\"elementor-element elementor-element-28af7e1 e-flex e-con-boxed e-con e-parent\" data-id=\"28af7e1\" data-element_type=\"container\" data-settings=\"{&quot;background_background&quot;:&quot;classic&quot;}\">\n\t\t\t\t\t<div class=\"e-con-inner\">\n\t\t<div class=\"elementor-element elementor-element-79e9c38 e-flex e-con-boxed e-con e-child\" data-id=\"79e9c38\" data-element_type=\"container\">\n\t\t\t\t\t<div class=\"e-con-inner\">\n\t\t\t\t<div class=\"elementor-element elementor-element-3fc6ead elementor-widget elementor-widget-heading\" data-id=\"3fc6ead\" data-element_type=\"widget\" data-widget_type=\"heading.default\">\n\t\t\t\t<div class=\"elementor-widget-container\">\n\t\t\t\t\t<h3 class=\"elementor-heading-title elementor-size-default\">Vizyonumuz<\/h3>\t\t\t\t<\/div>\n\t\t\t\t<\/div>\n\t\t\t\t<div class=\"elementor-element elementor-element-09f0809 elementor-widget elementor-widget-text-editor\" data-id=\"09f0809\" data-element_type=\"widget\" data-widget_type=\"text-editor.default\">\n\t\t\t\t<div class=\"elementor-widget-container\">\n\t\t\t\t\t\t\t\t\t<p>K\u00e2\u011f\u0131t hamuru kal\u0131plama ekipman\u0131 ve teknolojisinde referans noktas\u0131 haline gelin ve bir y\u00fczy\u0131l boyunca varl\u0131\u011f\u0131n\u0131 s\u00fcrd\u00fcrebilen uluslararas\u0131 bir marka olu\u015fturun.<\/p>\t\t\t\t\t\t\t\t<\/div>\n\t\t\t\t<\/div>\n\t\t\t\t<div class=\"elementor-element elementor-element-213aca2 elementor-view-default elementor-widget elementor-widget-icon\" data-id=\"213aca2\" data-element_type=\"widget\" data-settings=\"{&quot;ep_floating_effects_show&quot;:&quot;yes&quot;,&quot;ep_floating_effects_translate_y&quot;:{&quot;unit&quot;:&quot;px&quot;,&quot;size&quot;:&quot;&quot;,&quot;sizes&quot;:{&quot;from&quot;:-10,&quot;to&quot;:30}},&quot;ep_floating_effects_translate_duration&quot;:{&quot;unit&quot;:&quot;px&quot;,&quot;size&quot;:1500,&quot;sizes&quot;:[]},&quot;ep_floating_effects_translate_toggle&quot;:&quot;yes&quot;,&quot;ep_floating_effects_translate_x&quot;:{&quot;unit&quot;:&quot;px&quot;,&quot;size&quot;:&quot;&quot;,&quot;sizes&quot;:{&quot;from&quot;:0,&quot;to&quot;:0}},&quot;ep_floating_effects_translate_delay&quot;:{&quot;unit&quot;:&quot;px&quot;,&quot;size&quot;:&quot;&quot;,&quot;sizes&quot;:[]},&quot;ep_floating_effects_easing&quot;:&quot;easeInOutQuad&quot;}\" data-widget_type=\"icon.default\">\n\t\t\t\t<div class=\"elementor-widget-container\">\n\t\t\t\t\t\t\t<div class=\"elementor-icon-wrapper\">\n\t\t\t<div class=\"elementor-icon\">\n\t\t\t<svg aria-hidden=\"true\" class=\"e-font-icon-svg e-fas-arrow-alt-circle-down\" viewBox=\"0 0 512 512\" xmlns=\"http:\/\/www.w3.org\/2000\/svg\"><path d=\"M504 256c0 137-111 248-248 248S8 393 8 256 119 8 256 8s248 111 248 248zM212 140v116h-70.9c-10.7 0-16.1 13-8.5 20.5l114.9 114.3c4.7 4.7 12.2 4.7 16.9 0l114.9-114.3c7.6-7.6 2.2-20.5-8.5-20.5H300V140c0-6.6-5.4-12-12-12h-64c-6.6 0-12 5.4-12 12z\"><\/path><\/svg>\t\t\t<\/div>\n\t\t<\/div>\n\t\t\t\t\t\t<\/div>\n\t\t\t\t<\/div>\n\t\t\t\t\t<\/div>\n\t\t\t\t<\/div>\n\t\t\t\t\t<\/div>\n\t\t\t\t<\/div>\n\t\t<div class=\"elementor-element elementor-element-92ac4ab elementor-hidden-mobile e-flex e-con-boxed e-con e-parent\" data-id=\"92ac4ab\" data-element_type=\"container\" data-settings=\"{&quot;background_background&quot;:&quot;classic&quot;}\">\n\t\t\t\t\t<div class=\"e-con-inner\">\n\t\t\t\t<div class=\"elementor-element elementor-element-e254881 elementor-nav-menu__text-align-center elementor-nav-menu--dropdown-tablet elementor-widget elementor-widget-nav-menu\" data-id=\"e254881\" data-element_type=\"widget\" data-settings=\"{&quot;layout&quot;:&quot;horizontal&quot;,&quot;submenu_icon&quot;:{&quot;value&quot;:&quot;&lt;svg class=\\&quot;e-font-icon-svg e-fas-caret-down\\&quot; viewBox=\\&quot;0 0 320 512\\&quot; xmlns=\\&quot;http:\\\/\\\/www.w3.org\\\/2000\\\/svg\\&quot;&gt;&lt;path d=\\&quot;M31.3 192h257.3c17.8 0 26.7 21.5 14.1 34.1L174.1 354.8c-7.8 7.8-20.5 7.8-28.3 0L17.2 226.1C4.6 213.5 13.5 192 31.3 192z\\&quot;&gt;&lt;\\\/path&gt;&lt;\\\/svg&gt;&quot;,&quot;library&quot;:&quot;fa-solid&quot;}}\" data-widget_type=\"nav-menu.default\">\n\t\t\t\t<div class=\"elementor-widget-container\">\n\t\t\t\t\t\t\t\t<nav aria-label=\"Menu\" class=\"elementor-nav-menu--main elementor-nav-menu__container elementor-nav-menu--layout-horizontal e--pointer-background e--animation-fade\">\n\t\t\t\t<ul id=\"menu-1-e254881\" class=\"elementor-nav-menu\"><li class=\"menu-item menu-item-type-taxonomy menu-item-object-category menu-item-750\"><a href=\"https:\/\/www.hghypulpmolding.com\/category\/news\/\" class=\"elementor-item\">News<\/a><\/li>\n<\/ul>\t\t\t<\/nav>\n\t\t\t\t\t\t<nav class=\"elementor-nav-menu--dropdown elementor-nav-menu__container\" aria-hidden=\"true\">\n\t\t\t\t<ul id=\"menu-2-e254881\" class=\"elementor-nav-menu\"><li class=\"menu-item menu-item-type-taxonomy menu-item-object-category menu-item-750\"><a href=\"https:\/\/www.hghypulpmolding.com\/category\/news\/\" class=\"elementor-item\" tabindex=\"-1\">News<\/a><\/li>\n<\/ul>\t\t\t<\/nav>\n\t\t\t\t\t\t<\/div>\n\t\t\t\t<\/div>\n\t\t\t\t\t<\/div>\n\t\t\t\t<\/div>\n\t\t<div class=\"elementor-element elementor-element-13c00e4 e-flex e-con-boxed e-con e-parent\" data-id=\"13c00e4\" data-element_type=\"container\" data-settings=\"{&quot;background_background&quot;:&quot;classic&quot;}\">\n\t\t\t\t\t<div class=\"e-con-inner\">\n\t\t\t\t<div class=\"elementor-element elementor-element-248f293 elementor-widget elementor-widget-html\" data-id=\"248f293\" data-element_type=\"widget\" data-widget_type=\"html.default\">\n\t\t\t\t<div class=\"elementor-widget-container\">\n\t\t\t\t\t<div style=\"height:60px;\">\r\n<p class=\"has-text-color\" style=\"color:#4b4f58;font-size:35px;margin-bottom:-5px !important;\">Biz Kimiz<\/p>\r\n<div style=\"z-index: -1;position:relative;top:-1px;width:210px;height:10px;background-color:#59BBAD \"><\/div><\/div><br>\t\t\t\t<\/div>\n\t\t\t\t<\/div>\n\t\t\t\t<div class=\"elementor-element elementor-element-d31ba46 elementor-widget elementor-widget-text-editor\" data-id=\"d31ba46\" data-element_type=\"widget\" data-widget_type=\"text-editor.default\">\n\t\t\t\t<div class=\"elementor-widget-container\">\n\t\t\t\t\t\t\t\t\t<p>Guangzhou Bilim \u015eehri merkezli HGHY, yumurta, meyve, i\u00e7ecek ve \u015farap gibi \u00e7e\u015fitli uygulamalar i\u00e7in birinci s\u0131n\u0131f s\u00fcrd\u00fcr\u00fclebilir kal\u0131planm\u0131\u015f ambalaj \u00fcr\u00fcnleri geli\u015ftirmekte \u00f6nc\u00fcd\u00fcr. Ka\u011f\u0131t hamuru kal\u0131plama komple \u00e7\u00f6z\u00fcmleri, tabaklar, kaseler, beslenme \u00e7antalar\u0131, kapaklar gibi tek kullan\u0131ml\u0131k yemek servis malzemeleri; t\u00fcketici elektroni\u011fi, kozmetik, beyaz e\u015fya gibi end\u00fcstriyel \u00fcr\u00fcnler i\u00e7in koruyucu ve markala\u015ft\u0131r\u0131c\u0131 ambalajlar \u00fcretmektedir.<\/p><p>Bug\u00fcn HGHY, 2 serisi teknolojisiyle \u00f6ne \u00e7\u0131kmaktad\u0131r. Kuru tip i\u00e7in birinci s\u0131n\u0131f \u00e7ift d\u00f6ner \u015fekillendirme makinesi, dakikada 55 \u00fcr\u00fcn \u00fcfleme kapasitesine sahiptir; Islak tip i\u00e7in ise hepsi bir arada termoform makinesi, s\u0131f\u0131r derece taslak olu\u015fturma do\u011frulu\u011funa sahiptir. Her iki teknoloji de m\u00fckemmel verimlilik, performans ve g\u00fcvenilirlikle tan\u0131nmaktad\u0131r ve son y\u0131llarda b\u00fcy\u00fck ilgi g\u00f6rmektedir.<\/p><p>HGHY, kendini i\u015fine adam\u0131\u015f sat\u0131\u015f ve m\u00fchendislik ekibi sayesinde 60&#8217;tan fazla \u00fclkede 300&#8217;den fazla m\u00fc\u015fteriye lider kapasiteli ve y\u00fcksek kaliteli \u00fcretim tesisleri kurmalar\u0131nda yard\u0131mc\u0131 olmu\u015f ve zengin bilgi birikimi ve uzmanl\u0131kla \u00f6d\u00fcllendirilmi\u015ftir. M\u00fc\u015fterilerimizin daha b\u00fcy\u00fck ba\u015far\u0131lar elde etmelerine yard\u0131mc\u0131 olmay\u0131 hedefliyoruz. Fortune 500 \u015firketleri gibi sekt\u00f6r liderleriyle \u00e7al\u0131\u015fma deneyimimiz, size g\u00fcvenilir ve de\u011ferli teslimatlar sa\u011flama konusunda g\u00f6n\u00fcl rahatl\u0131\u011f\u0131 sunacakt\u0131r.<\/p>\t\t\t\t\t\t\t\t<\/div>\n\t\t\t\t<\/div>\n\t\t<div class=\"elementor-element elementor-element-c7ba53d e-con-full e-flex e-con e-child\" data-id=\"c7ba53d\" data-element_type=\"container\" data-settings=\"{&quot;background_background&quot;:&quot;classic&quot;}\">\n\t\t<div class=\"elementor-element elementor-element-0beceba e-con-full e-flex e-con e-child\" data-id=\"0beceba\" data-element_type=\"container\">\n\t\t\t\t<div class=\"elementor-element elementor-element-f89501f elementor-widget elementor-widget-counter\" data-id=\"f89501f\" data-element_type=\"widget\" data-widget_type=\"counter.default\">\n\t\t\t\t<div class=\"elementor-widget-container\">\n\t\t\t\t\t\t\t<div class=\"elementor-counter\">\n\t\t\t<div class=\"elementor-counter-title\">HGHY 1995'te ba\u015flad\u0131<\/div>\t\t\t<div class=\"elementor-counter-number-wrapper\">\n\t\t\t\t<span class=\"elementor-counter-number-prefix\"><\/span>\n\t\t\t\t<span class=\"elementor-counter-number\" data-duration=\"2000\" data-to-value=\"28\" data-from-value=\"0\">0<\/span>\n\t\t\t\t<span class=\"elementor-counter-number-suffix\"><\/span>\n\t\t\t<\/div>\n\t\t<\/div>\n\t\t\t\t\t\t<\/div>\n\t\t\t\t<\/div>\n\t\t\t\t<\/div>\n\t\t<div class=\"elementor-element elementor-element-3443a90 e-con-full e-flex e-con e-child\" data-id=\"3443a90\" data-element_type=\"container\">\n\t\t\t\t<div class=\"elementor-element elementor-element-d9e8719 elementor-widget elementor-widget-counter\" data-id=\"d9e8719\" data-element_type=\"widget\" data-widget_type=\"counter.default\">\n\t\t\t\t<div class=\"elementor-widget-container\">\n\t\t\t\t\t\t\t<div class=\"elementor-counter\">\n\t\t\t<div class=\"elementor-counter-title\">\u00dc\u00e7 i\u015fletme ajans\u0131<\/div>\t\t\t<div class=\"elementor-counter-number-wrapper\">\n\t\t\t\t<span class=\"elementor-counter-number-prefix\"><\/span>\n\t\t\t\t<span class=\"elementor-counter-number\" data-duration=\"2000\" data-to-value=\"3\" data-from-value=\"0\">0<\/span>\n\t\t\t\t<span class=\"elementor-counter-number-suffix\"><\/span>\n\t\t\t<\/div>\n\t\t<\/div>\n\t\t\t\t\t\t<\/div>\n\t\t\t\t<\/div>\n\t\t\t\t<\/div>\n\t\t<div class=\"elementor-element elementor-element-fd754ed e-con-full e-flex e-con e-child\" data-id=\"fd754ed\" data-element_type=\"container\">\n\t\t\t\t<div class=\"elementor-element elementor-element-f121288 elementor-widget elementor-widget-counter\" data-id=\"f121288\" data-element_type=\"widget\" data-widget_type=\"counter.default\">\n\t\t\t\t<div class=\"elementor-widget-container\">\n\t\t\t\t\t\t\t<div class=\"elementor-counter\">\n\t\t\t<div class=\"elementor-counter-title\">6 End\u00fcstri Standard\u0131 Tasla\u011f\u0131 Haz\u0131rlama<\/div>\t\t\t<div class=\"elementor-counter-number-wrapper\">\n\t\t\t\t<span class=\"elementor-counter-number-prefix\"><\/span>\n\t\t\t\t<span class=\"elementor-counter-number\" data-duration=\"2000\" data-to-value=\"6\" data-from-value=\"0\" data-delimiter=\",\">0<\/span>\n\t\t\t\t<span class=\"elementor-counter-number-suffix\"><\/span>\n\t\t\t<\/div>\n\t\t<\/div>\n\t\t\t\t\t\t<\/div>\n\t\t\t\t<\/div>\n\t\t\t\t<\/div>\n\t\t<div class=\"elementor-element elementor-element-a692ad8 e-con-full e-flex e-con e-child\" data-id=\"a692ad8\" data-element_type=\"container\">\n\t\t\t\t<div class=\"elementor-element elementor-element-d43fa09 elementor-widget elementor-widget-counter\" data-id=\"d43fa09\" data-element_type=\"widget\" data-widget_type=\"counter.default\">\n\t\t\t\t<div class=\"elementor-widget-container\">\n\t\t\t\t\t\t\t<div class=\"elementor-counter\">\n\t\t\t<div class=\"elementor-counter-title\">160+ Patent Sertifikas\u0131<\/div>\t\t\t<div class=\"elementor-counter-number-wrapper\">\n\t\t\t\t<span class=\"elementor-counter-number-prefix\"><\/span>\n\t\t\t\t<span class=\"elementor-counter-number\" data-duration=\"2000\" data-to-value=\"160\" data-from-value=\"0\">0<\/span>\n\t\t\t\t<span class=\"elementor-counter-number-suffix\"><\/span>\n\t\t\t<\/div>\n\t\t<\/div>\n\t\t\t\t\t\t<\/div>\n\t\t\t\t<\/div>\n\t\t\t\t<\/div>\n\t\t<div class=\"elementor-element elementor-element-b7a793f e-con-full e-flex e-con e-child\" data-id=\"b7a793f\" data-element_type=\"container\">\n\t\t\t\t<div class=\"elementor-element elementor-element-4ccef06 elementor-widget elementor-widget-counter\" data-id=\"4ccef06\" data-element_type=\"widget\" data-widget_type=\"counter.default\">\n\t\t\t\t<div class=\"elementor-widget-container\">\n\t\t\t\t\t\t\t<div class=\"elementor-counter\">\n\t\t\t<div class=\"elementor-counter-title\">D\u00fcnya \u00e7ap\u0131nda 60'tan fazla \u00fclkeye sat\u0131\u015f<\/div>\t\t\t<div class=\"elementor-counter-number-wrapper\">\n\t\t\t\t<span class=\"elementor-counter-number-prefix\"><\/span>\n\t\t\t\t<span class=\"elementor-counter-number\" data-duration=\"2000\" data-to-value=\"60\" data-from-value=\"0\">0<\/span>\n\t\t\t\t<span class=\"elementor-counter-number-suffix\">+<\/span>\n\t\t\t<\/div>\n\t\t<\/div>\n\t\t\t\t\t\t<\/div>\n\t\t\t\t<\/div>\n\t\t\t\t<\/div>\n\t\t<div class=\"elementor-element elementor-element-667d8d0 e-con-full e-flex e-con e-child\" data-id=\"667d8d0\" data-element_type=\"container\">\n\t\t\t\t<div class=\"elementor-element elementor-element-29d8a0e elementor-widget elementor-widget-counter\" data-id=\"29d8a0e\" data-element_type=\"widget\" data-widget_type=\"counter.default\">\n\t\t\t\t<div class=\"elementor-widget-container\">\n\t\t\t\t\t\t\t<div class=\"elementor-counter\">\n\t\t\t<div class=\"elementor-counter-title\">10.000'den fazla m\u00fc\u015fteriye hizmet veriyoruz<\/div>\t\t\t<div class=\"elementor-counter-number-wrapper\">\n\t\t\t\t<span class=\"elementor-counter-number-prefix\"><\/span>\n\t\t\t\t<span class=\"elementor-counter-number\" data-duration=\"2000\" data-to-value=\"10000\" data-from-value=\"0\" data-delimiter=\",\">0<\/span>\n\t\t\t\t<span class=\"elementor-counter-number-suffix\">+<\/span>\n\t\t\t<\/div>\n\t\t<\/div>\n\t\t\t\t\t\t<\/div>\n\t\t\t\t<\/div>\n\t\t\t\t<\/div>\n\t\t\t\t<\/div>\n\t\t<div class=\"elementor-element elementor-element-983c469 e-con-full e-flex e-con e-child\" data-id=\"983c469\" data-element_type=\"container\">\n\t\t\t\t<div class=\"elementor-element elementor-element-ba31284 elementor-widget elementor-widget-video\" data-id=\"ba31284\" data-element_type=\"widget\" data-settings=\"{&quot;video_type&quot;:&quot;hosted&quot;,&quot;controls&quot;:&quot;yes&quot;}\" data-widget_type=\"video.default\">\n\t\t\t\t<div class=\"elementor-widget-container\">\n\t\t\t\t\t\t\t<div class=\"e-hosted-video elementor-wrapper elementor-open-inline\">\n\t\t\t\t\t<video class=\"elementor-video\" src=\"https:\/\/pulpmoldingchina.cn\/wp-content\/uploads\/2022\/11\/HGHY-video.mp4\" controls=\"\" preload=\"metadata\" controlsList=\"nodownload\"><\/video>\n\t\t\t\t<\/div>\n\t\t\t\t\t\t<\/div>\n\t\t\t\t<\/div>\n\t\t\t\t<\/div>\n\t\t\t\t\t<\/div>\n\t\t\t\t<\/div>\n\t\t\t\t<\/div>\n\t\t","protected":false},"excerpt":{"rendered":"<p>Vizyonumuz K\u00e2\u011f\u0131t hamuru kal\u0131plama ekipman\u0131 ve teknolojisinde referans noktas\u0131 haline gelin ve bir y\u00fczy\u0131l boyunca varl\u0131\u011f\u0131n\u0131 s\u00fcrd\u00fcrebilen uluslararas\u0131 bir marka olu\u015fturun. Biz Kimiz Guangzhou Bilim \u015eehri merkezli HGHY, yumurta, meyve, i\u00e7ecek ve \u015farap gibi \u00e7e\u015fitli uygulamalar i\u00e7in birinci s\u0131n\u0131f s\u00fcrd\u00fcr\u00fclebilir kal\u0131planm\u0131\u015f ambalaj \u00fcr\u00fcnleri geli\u015ftirmekte \u00f6nc\u00fcd\u00fcr. Ka\u011f\u0131t hamuru kal\u0131plama komple \u00e7\u00f6z\u00fcmleri, tabaklar, kaseler, beslenme \u00e7antalar\u0131, kapaklar [&hellip;]<\/p>\n","protected":false},"author":1,"featured_media":0,"parent":0,"menu_order":5,"comment_status":"closed","ping_status":"closed","template":"","meta":{"_joinchat":[],"footnotes":""},"class_list":["post-12807","page","type-page","status-publish","hentry"],"_links":{"self":[{"href":"https:\/\/www.hghypulpmolding.com\/tr\/wp-json\/wp\/v2\/pages\/12807","targetHints":{"allow":["GET"]}}],"collection":[{"href":"https:\/\/www.hghypulpmolding.com\/tr\/wp-json\/wp\/v2\/pages"}],"about":[{"href":"https:\/\/www.hghypulpmolding.com\/tr\/wp-json\/wp\/v2\/types\/page"}],"author":[{"embeddable":true,"href":"https:\/\/www.hghypulpmolding.com\/tr\/wp-json\/wp\/v2\/users\/1"}],"replies":[{"embeddable":true,"href":"https:\/\/www.hghypulpmolding.com\/tr\/wp-json\/wp\/v2\/comments?post=12807"}],"version-history":[{"count":0,"href":"https:\/\/www.hghypulpmolding.com\/tr\/wp-json\/wp\/v2\/pages\/12807\/revisions"}],"wp:attachment":[{"href":"https:\/\/www.hghypulpmolding.com\/tr\/wp-json\/wp\/v2\/media?parent=12807"}],"curies":[{"name":"wp","href":"https:\/\/api.w.org\/{rel}","templated":true}]}}